{"id":156,"date":"2023-06-08T18:43:30","date_gmt":"2023-06-08T21:43:30","guid":{"rendered":"https:\/\/localhost\/meusitesaae\/wordpress\/?page_id=156"},"modified":"2026-01-02T10:32:17","modified_gmt":"2026-01-02T13:32:17","slug":"institucional","status":"publish","type":"page","link":"https:\/\/www.saaecandidomota.com.br\/?page_id=156","title":{"rendered":"Institucional"},"content":{"rendered":"\n<p class=\"has-text-align-center has-large-font-size\"><strong>Governo Municipal<\/strong><\/p>\n\n\n<div class=\"wp-block-image\">\n<figure class=\"aligncenter size-full is-resized\"><img loading=\"lazy\" decoding=\"async\" width=\"2048\" height=\"2048\" src=\"https:\/\/www.saaecandidomota.com.br\/wp-content\/uploads\/2023\/06\/135476489_1111701205919132_9213532976138880823_o.jpg\" alt=\"\" class=\"wp-image-157\" style=\"width:414px;height:414px\"\/><\/figure>\n<\/div>\n\n\n<p class=\"has-text-align-center\">Eraldo Jos\u00e9 Pereira<\/p>\n\n\n\n<p class=\"has-text-align-center\">Prefeito<\/p>\n\n\n<div class=\"wp-block-image\">\n<figure class=\"aligncenter size-large is-resized\"><img loading=\"lazy\" decoding=\"async\" width=\"1024\" height=\"1024\" src=\"https:\/\/www.saaecandidomota.com.br\/wp-content\/uploads\/2026\/01\/Claudio-Buzzo-Neto-SAAE-1024x1024.jpg\" alt=\"\" class=\"wp-image-2878\" style=\"width:383px;height:auto\" srcset=\"https:\/\/www.saaecandidomota.com.br\/wp-content\/uploads\/2026\/01\/Claudio-Buzzo-Neto-SAAE-1024x1024.jpg 1024w, https:\/\/www.saaecandidomota.com.br\/wp-content\/uploads\/2026\/01\/Claudio-Buzzo-Neto-SAAE-300x300.jpg 300w, https:\/\/www.saaecandidomota.com.br\/wp-content\/uploads\/2026\/01\/Claudio-Buzzo-Neto-SAAE-150x150.jpg 150w, https:\/\/www.saaecandidomota.com.br\/wp-content\/uploads\/2026\/01\/Claudio-Buzzo-Neto-SAAE-768x768.jpg 768w, https:\/\/www.saaecandidomota.com.br\/wp-content\/uploads\/2026\/01\/Claudio-Buzzo-Neto-SAAE.jpg 1080w\" sizes=\"auto, (max-width: 1024px) 100vw, 1024px\" \/><\/figure>\n<\/div>\n\n\n<p class=\"has-text-align-center\">Cl\u00e1udio Buzzo Neto<\/p>\n\n\n\n<p class=\"has-text-align-center\">Secret\u00e1rio do SAAE<\/p>\n\n\n<\/p>\n<div data-colibri-component=\"section\" data-colibri-id=\"156-c10\" id=\"custom\" class=\"h-section h-section-global-spacing d-flex align-items-lg-center align-items-md-center align-items-center style-456 style-local-156-c10 position-relative\">\n    <!----><br \/>\n    <!----><\/p>\n<div class=\"h-section-grid-container h-section-boxed-container\">\n      <!----><\/p>\n<div data-colibri-id=\"156-c11\" class=\"h-row-container gutters-row-lg-2 gutters-row-md-2 gutters-row-0 gutters-row-v-lg-2 gutters-row-v-md-2 gutters-row-v-2 style-457 style-local-156-c11 position-relative\">\n        <!----><\/p>\n<div class=\"h-row justify-content-lg-center justify-content-md-center justify-content-center align-items-lg-stretch align-items-md-stretch align-items-stretch gutters-col-lg-2 gutters-col-md-2 gutters-col-0 gutters-col-v-lg-2 gutters-col-v-md-2 gutters-col-v-2\">\n          <!----><\/p>\n<div class=\"h-column h-column-container d-flex h-col-lg-auto h-col-md-auto h-col-auto style-458-outer style-local-156-c12-outer\">\n<div data-colibri-id=\"156-c12\" class=\"d-flex h-flex-basis h-column__inner h-px-lg-2 h-px-md-2 h-px-2 v-inner-lg-2 v-inner-md-2 v-inner-2 style-458 style-local-156-c12 position-relative\">\n              <!----><br \/>\n              <!----><\/p>\n<div class=\"w-100 h-y-container h-column__content h-column__v-align flex-basis-100 align-self-lg-start align-self-md-start align-self-start\">\n                <!----><\/p>\n<div data-colibri-component=\"dropdown-menu\" role=\"navigation\" h-use-smooth-scroll-all=\"true\" data-colibri-id=\"156-c13\" class=\"h-menu h-global-transition-all h-ignore-global-body-typography has-offcanvas-mobile h-menu-horizontal h-dropdown-menu style-461 style-local-156-c13 position-relative h-element\">\n                  <!----><\/p>\n<div class=\"h-global-transition-all h-main-menu\"><div class=\"colibri-menu-container\"><ul id=\"menu-menu-rodape\" class=\"colibri-menu bordered-active-item bordered-active-item--bottom effect-borders-grow grow-from-left\"><li id=\"menu-item-379\" class=\"menu-item menu-item-type-post_type menu-item-object-page menu-item-379\"><a href=\"https:\/\/www.saaecandidomota.com.br\/?page_id=374\">Taxas de consumo<\/a><\/li>\n<li id=\"menu-item-380\" class=\"menu-item menu-item-type-post_type menu-item-object-page menu-item-380\"><a href=\"https:\/\/www.saaecandidomota.com.br\/?page_id=372\">Servi\u00e7os Oferecidos<\/a><\/li>\n<li id=\"menu-item-378\" class=\"menu-item menu-item-type-post_type menu-item-object-page menu-item-378\"><a href=\"https:\/\/www.saaecandidomota.com.br\/?page_id=376\">Dicas de economia<\/a><\/li>\n<li id=\"menu-item-371\" class=\"menu-item menu-item-type-post_type menu-item-object-page menu-item-371\"><a href=\"https:\/\/www.saaecandidomota.com.br\/?page_id=369\">Not\u00edcias<\/a><\/li>\n<li id=\"menu-item-686\" class=\"menu-item menu-item-type-post_type menu-item-object-page menu-item-686\"><a href=\"https:\/\/www.saaecandidomota.com.br\/?page_id=646\">Pol\u00edtica de Privacidade<\/a><\/li>\n<li id=\"menu-item-1465\" class=\"menu-item menu-item-type-post_type menu-item-object-page menu-item-1465\"><a href=\"https:\/\/www.saaecandidomota.com.br\/?page_id=1458\">Ouvidoria<\/a><\/li>\n<\/ul><\/div><\/div>\n<div data-colibri-id=\"156-c14\" class=\"h-mobile-menu h-global-transition-disable style-462 style-local-156-c14 position-relative h-element\">\n                    <!----><br \/>\n                    <a data-click-outside=\"true\" data-target=\"#offcanvas-wrapper-156-c14\" data-target-id=\"offcanvas-wrapper-156-c14\" data-offcanvas-overlay-id=\"offcanvas-overlay-156-c14\" href=\"#\" data-colibri-component=\"offcanvas\" data-direction=\"right\" data-push=\"false\" title=\"Menu\" class=\"h-hamburger-button\"><\/p>\n<div class=\"icon-container h-hamburger-icon\">\n<div class=\"h-icon-svg\" style=\"width: 100%; height: 100%;\">\n                          <!--Icon by Font Awesome (https:\/\/fontawesome.com)--><br \/>\n                          <svg version=\"1.1\" xmlns=\"http:\/\/www.w3.org\/2000\/svg\" xmlns:xlink=\"http:\/\/www.w3.org\/1999\/xlink\" id=\"bars\" viewBox=\"0 0 1536 1896.0833\">\n                            <path d=\"M1536 1344v128q0 26-19 45t-45 19H64q-26 0-45-19t-19-45v-128q0-26 19-45t45-19h1408q26 0 45 19t19 45zm0-512v128q0 26-19 45t-45 19H64q-26 0-45-19T0 960V832q0-26 19-45t45-19h1408q26 0 45 19t19 45zm0-512v128q0 26-19 45t-45 19H64q-26 0-45-19T0 448V320q0-26 19-45t45-19h1408q26 0 45 19t19 45z\"><\/path>\n                          <\/svg>\n                        <\/div>\n<\/p>\n<\/div>\n<p><\/a><\/p>\n<p><a data-click-outside=\"true\" data-target=\"#offcanvas-wrapper-156-c14\" data-target-id=\"offcanvas-wrapper-156-c14\" data-offcanvas-overlay-id=\"offcanvas-overlay-156-c14\" href=\"#\" data-colibri-component=\"offcanvas\" data-direction=\"right\" data-push=\"false\" title=\"Menu\" class=\"h-hamburger-button\"><\/a><\/p>\n<p><a data-click-outside=\"true\" data-target=\"#offcanvas-wrapper-156-c14\" data-target-id=\"offcanvas-wrapper-156-c14\" data-offcanvas-overlay-id=\"offcanvas-overlay-156-c14\" href=\"#\" data-colibri-component=\"offcanvas\" data-direction=\"right\" data-push=\"false\" title=\"Menu\" class=\"h-hamburger-button\">                    <\/a><\/p>\n<div id=\"offcanvas-wrapper-156-c14\" class=\"h-offcanvas-panel offcanvas offcanvas-right hide force-hide style-462-offscreen style-local-156-c14-offscreen\">\n<div data-colibri-id=\"156-c15\" class=\"d-flex flex-column h-offscreen-panel style-463 style-local-156-c15 position-relative h-element\">\n                        <!----><\/p>\n<div class=\"offscreen-header h-ui-empty-state-container\">\n<div data-colibri-id=\"156-c17\" class=\"h-row-container gutters-row-lg-0 gutters-row-md-0 gutters-row-0 gutters-row-v-lg-0 gutters-row-v-md-0 gutters-row-v-0 style-465 style-local-156-c17 position-relative\">\n                            <!----><\/p>\n<div class=\"h-row justify-content-lg-center justify-content-md-center justify-content-center align-items-lg-stretch align-items-md-stretch align-items-stretch gutters-col-lg-0 gutters-col-md-0 gutters-col-0 gutters-col-v-lg-0 gutters-col-v-md-0 gutters-col-v-0\">\n                              <!----><\/p>\n<div class=\"h-column h-column-container d-flex h-col-lg h-col-md h-col-auto style-466-outer style-local-156-c18-outer\">\n<div data-colibri-id=\"156-c18\" class=\"d-flex h-flex-basis h-column__inner h-px-lg-2 h-px-md-2 h-px-2 v-inner-lg-2 v-inner-md-2 v-inner-2 style-466 style-local-156-c18 position-relative\">\n                                  <!----><br \/>\n                                  <!----><\/p>\n<div class=\"w-100 h-y-container h-column__content h-column__v-align flex-basis-100 align-self-lg-start align-self-md-start align-self-start\">\n                                    <!----><\/p>\n<div data-colibri-id=\"156-c19\" class=\"d-flex align-items-center text-lg-center text-md-center text-center justify-content-lg-center justify-content-md-center justify-content-center style-467 style-local-156-c19 position-relative h-element\">\n                                      <!----><br \/>\n                                      <a rel=\"home\" href=\"https:\/\/www.saaecandidomota.com.br\/\" h-use-smooth-scroll=\"true\" class=\"d-flex align-items-center\"><br \/>\n                                        <img decoding=\"async\" src=\"https:\/\/www.saaecandidomota.com.br\/wp-content\/uploads\/2023\/06\/Sem-titulo.jpg\" class=\"h-logo__image h-logo__image_h logo-image style-467-image style-local-156-c19-image\" alt=\"\" \/><br \/>\n                                        <img decoding=\"async\" src=\"https:\/\/www.saaecandidomota.com.br\/wp-content\/uploads\/2023\/06\/Sem-titulo.jpg\" class=\"h-logo__alt-image h-logo__alt-image_h logo-alt-image style-467-image style-local-156-c19-image\"><br \/>\n                                      <\/a>\n                                    <\/div>\n<\/p>\n<\/div>\n<\/div>\n<\/div>\n<\/div>\n<\/div>\n<\/div>\n<div class=\"offscreen-content\">\n                          <!----><\/p>\n<div data-colibri-component=\"accordion-menu\" role=\"navigation\" h-use-smooth-scroll-all=\"true\" data-colibri-id=\"156-c16\" class=\"h-menu h-global-transition-all h-ignore-global-body-typography h-mobile-menu h-menu-accordion style-464 style-local-156-c16 position-relative h-element\">\n                            <!----><\/p>\n<div class=\"h-global-transition-all h-mobile-menu\"><div class=\"colibri-menu-container\"><ul id=\"menu-menu-rodape-1\" class=\"colibri-menu none \"><li class=\"menu-item menu-item-type-post_type menu-item-object-page menu-item-379\"><a href=\"https:\/\/www.saaecandidomota.com.br\/?page_id=374\">Taxas de consumo<\/a><\/li>\n<li class=\"menu-item menu-item-type-post_type menu-item-object-page menu-item-380\"><a href=\"https:\/\/www.saaecandidomota.com.br\/?page_id=372\">Servi\u00e7os Oferecidos<\/a><\/li>\n<li class=\"menu-item menu-item-type-post_type menu-item-object-page menu-item-378\"><a href=\"https:\/\/www.saaecandidomota.com.br\/?page_id=376\">Dicas de economia<\/a><\/li>\n<li class=\"menu-item menu-item-type-post_type menu-item-object-page menu-item-371\"><a href=\"https:\/\/www.saaecandidomota.com.br\/?page_id=369\">Not\u00edcias<\/a><\/li>\n<li class=\"menu-item menu-item-type-post_type menu-item-object-page menu-item-686\"><a href=\"https:\/\/www.saaecandidomota.com.br\/?page_id=646\">Pol\u00edtica de Privacidade<\/a><\/li>\n<li class=\"menu-item menu-item-type-post_type menu-item-object-page menu-item-1465\"><a href=\"https:\/\/www.saaecandidomota.com.br\/?page_id=1458\">Ouvidoria<\/a><\/li>\n<\/ul><\/div><\/div>\n<\/p>\n<\/div>\n<\/div>\n<div class=\"offscreen-footer h-ui-empty-state-container\">\n<div data-colibri-id=\"156-c20\" class=\"h-row-container gutters-row-lg-0 gutters-row-md-0 gutters-row-0 gutters-row-v-lg-0 gutters-row-v-md-0 gutters-row-v-0 style-468 style-local-156-c20 position-relative\">\n                            <!----><\/p>\n<div class=\"h-row justify-content-lg-center justify-content-md-center justify-content-center align-items-lg-stretch align-items-md-stretch align-items-stretch gutters-col-lg-0 gutters-col-md-0 gutters-col-0 gutters-col-v-lg-0 gutters-col-v-md-0 gutters-col-v-0\">\n                              <!----><\/p>\n<div class=\"h-column h-column-container d-flex h-col-lg h-col-md h-col-auto style-469-outer style-local-156-c21-outer\">\n<div data-colibri-id=\"156-c21\" class=\"d-flex h-flex-basis h-column__inner h-px-lg-2 h-px-md-2 h-px-2 v-inner-lg-2 v-inner-md-2 v-inner-2 style-469 style-local-156-c21 position-relative\">\n                                  <!----><br \/>\n                                  <!----><\/p>\n<div class=\"w-100 h-y-container h-column__content h-column__v-align flex-basis-100 align-self-lg-start align-self-md-start align-self-start\">\n                                    <!----><\/p>\n<div data-colibri-id=\"156-c22\" class=\"h-text h-text-component style-470 style-local-156-c22 position-relative h-element\">\n                                      <!----><br \/>\n                                      <!----><\/p>\n<div class=\"\">\n<p>\u00a9 2023<\/p>\n<\/p>\n<\/div>\n<\/div>\n<\/div>\n<\/div>\n<\/div>\n<\/div>\n<\/div>\n<\/div>\n<\/div>\n<\/div>\n<div id=\"offcanvas-overlay-156-c14\" class=\"offscreen-overlay style-462-offscreenOverlay style-local-156-c14-offscreenOverlay\"><\/div>\n<\/p>\n<\/div>\n<\/div>\n<\/div>\n<\/div>\n<\/div>\n<div class=\"h-column h-column-container d-flex h-col-lg-auto h-col-md-auto h-col-auto style-459-outer style-local-156-c23-outer\">\n<div data-colibri-id=\"156-c23\" class=\"d-flex h-flex-basis h-column__inner h-px-lg-2 h-px-md-2 h-px-2 v-inner-lg-2 v-inner-md-2 v-inner-2 style-459 style-local-156-c23 position-relative\">\n              <!----><br \/>\n              <!----><\/p>\n<div class=\"w-100 h-y-container h-column__content h-column__v-align flex-basis-100 align-self-lg-start align-self-md-start align-self-start\">\n                <!----><\/p>\n<div light-box=\"hideLightBox\" data-style-class=\"style-472\" data-colibri-component=\"search\" data-colibri-id=\"156-c24\" class=\"colibri_search_container style-472 style-local-156-c24 position-relative h-element\">\n                  <!----><\/p>\n<div class=\"h-global-transition-all\"><form role=\"search\"  method=\"get\" class=\"search-form colibri_search_form\" action=\"https:\/\/www.saaecandidomota.com.br\/\"><\/p>\n<div class=\"d-flex\">\n                      <input class=\"colibri_search_input search-field\" placeholder=\"Pesquisar...\" name=\"s\"><br \/>\n                      <button type=\"submit\" class=\"colibri_search_button search-submit\"><br \/>\n                        <svg version=\"1.1\" xmlns=\"http:\/\/www.w3.org\/2000\/svg\" xmlns:xlink=\"http:\/\/www.w3.org\/1999\/xlink\" id=\"search\" viewBox=\"0 0 1672.2646 1896.0833\">\n                          <path d=\"M1152 832q0-185-131.5-316.5T704 384 387.5 515.5 256 832t131.5 316.5T704 1280t316.5-131.5T1152 832zm512 832q0 52-38 90t-90 38q-54 0-90-38l-343-342q-179 124-399 124-143 0-273.5-55.5t-225-150-150-225T0 832t55.5-273.5 150-225 225-150T704 128t273.5 55.5 225 150 150 225T1408 832q0 220-124 399l343 343q37 37 37 90z\"><\/path>\n                        <\/svg><br \/>\n                      <\/button>\n                    <\/div>\n<p><\/form><\/p>\n<\/div>\n<\/div>\n<\/div>\n<\/div>\n<\/div>\n<\/div>\n<\/div>\n<\/div>\n<\/div>","protected":false},"excerpt":{"rendered":"<p>Governo Municipal Eraldo Jos\u00e9 Pereira Prefeito Cl\u00e1udio Buzzo Neto Secret\u00e1rio do SAAE \u00a9 2023<\/p>\n","protected":false},"author":1,"featured_media":0,"parent":0,"menu_order":0,"comment_status":"closed","ping_status":"closed","template":"page-templates\/full-width-page.php","meta":{"footnotes":""},"class_list":["post-156","page","type-page","status-publish","hentry"],"aioseo_notices":[],"_links":{"self":[{"href":"https:\/\/www.saaecandidomota.com.br\/index.php?rest_route=\/wp\/v2\/pages\/156","targetHints":{"allow":["GET"]}}],"collection":[{"href":"https:\/\/www.saaecandidomota.com.br\/index.php?rest_route=\/wp\/v2\/pages"}],"about":[{"href":"https:\/\/www.saaecandidomota.com.br\/index.php?rest_route=\/wp\/v2\/types\/page"}],"author":[{"embeddable":true,"href":"https:\/\/www.saaecandidomota.com.br\/index.php?rest_route=\/wp\/v2\/users\/1"}],"replies":[{"embeddable":true,"href":"https:\/\/www.saaecandidomota.com.br\/index.php?rest_route=%2Fwp%2Fv2%2Fcomments&post=156"}],"version-history":[{"count":10,"href":"https:\/\/www.saaecandidomota.com.br\/index.php?rest_route=\/wp\/v2\/pages\/156\/revisions"}],"predecessor-version":[{"id":2880,"href":"https:\/\/www.saaecandidomota.com.br\/index.php?rest_route=\/wp\/v2\/pages\/156\/revisions\/2880"}],"wp:attachment":[{"href":"https:\/\/www.saaecandidomota.com.br\/index.php?rest_route=%2Fwp%2Fv2%2Fmedia&parent=156"}],"curies":[{"name":"wp","href":"https:\/\/api.w.org\/{rel}","templated":true}]}}