{"id":175,"date":"2023-06-08T18:45:18","date_gmt":"2023-06-08T21:45:18","guid":{"rendered":"https:\/\/localhost\/meusitesaae\/wordpress\/?page_id=175"},"modified":"2023-06-18T14:44:04","modified_gmt":"2023-06-18T17:44:04","slug":"compra-direta","status":"publish","type":"page","link":"https:\/\/www.saaecandidomota.com.br\/?page_id=175","title":{"rendered":"Compra direta"},"content":{"rendered":"\n<p><\/p>\n\n\n\n<h4 class=\"wp-block-heading has-text-align-center\"><strong>Os or\u00e7amentos devem ser enviados para o e-mail que consta na planilha anexa ou entregues na Rua Jo\u00e3o Pio Barbosa,197, C\u00e2ndido Mota, aos cuidados do Departamento de Compras e Licita\u00e7\u00f5es.<\/strong><\/h4>\n\n\n\n<p class=\"has-text-align-center\"><strong>2022<\/strong><\/p>\n\n\n\n<figure class=\"wp-block-table aligncenter\"><table><tbody><tr><td class=\"has-text-align-center\" data-align=\"center\">Data<\/td><td>Compra direta<\/td><td class=\"has-text-align-center\" data-align=\"center\">Arquivo<\/td><\/tr><tr><td class=\"has-text-align-center\" data-align=\"center\">\u00a0 24\/01\/2022<\/td><td><strong>REPARADOR DE PAVIMENTO ASF\u00c1LTICO<br>INICIO DA COTA\u00c7\u00c3O:<\/strong> 24\/01\/2022<br><strong>T\u00c9RMINO:<\/strong> 26\/01\/2022<\/td><td class=\"has-text-align-center\" data-align=\"center\"><a href=\"https:\/\/www.saaecandidomota.com.br\/wp-content\/uploads\/2023\/06\/REPARADOR_DE_PAVIMENTO_ASFALTICO.xlsx\" target=\"_blank\" rel=\"noreferrer noopener\">ARQUIVO<\/a><br>\u00a0<a href=\"https:\/\/www.saaecandidomota.com.br\/wp-content\/uploads\/2023\/06\/TERMO-DE-REFERENCIA.pdf\" target=\"_blank\" rel=\"noreferrer noopener\">TERMO DE REFER\u00caNCIA<\/a><\/td><\/tr><tr><td class=\"has-text-align-center\" data-align=\"center\">\u00a0 25\/01\/2022<\/td><td><strong>REDE DE ESGOTO<br>INICIO DA COTA\u00c7\u00c3O:<\/strong> 25\/01\/2022<br><strong>T\u00c9RMINO:<\/strong> 27\/01\/2022<\/td><td class=\"has-text-align-center\" data-align=\"center\"><a href=\"https:\/\/www.saaecandidomota.com.br\/wp-content\/uploads\/2023\/06\/MATERIAL-PARA-REDE-DE-ESGOTO.xlsx\" target=\"_blank\" rel=\"noreferrer noopener\">ARQUIVO<\/a><br>\u00a0<a rel=\"noreferrer noopener\" href=\"https:\/\/www.saaecandidomota.com.br\/wp-content\/uploads\/2023\/06\/Termo-de-referencia-rede-de-esgoto.pdf\" target=\"_blank\">TERMO DE REFER\u00caNCIA<\/a><\/td><\/tr><tr><td class=\"has-text-align-center\" data-align=\"center\">\u00a0 07\/02\/2022<\/td><td><strong>TERMONEBULIZADOR<br>INICIO DA COTA\u00c7\u00c3O:<\/strong> 07\/02\/2022<br><strong>T\u00c9RMINO:<\/strong> 10\/02\/2022<\/td><td class=\"has-text-align-center\" data-align=\"center\">\u00a0<a rel=\"noreferrer noopener\" href=\"https:\/\/www.saaecandidomota.com.br\/wp-content\/uploads\/2023\/06\/TERMONEBULIZADOR-1.xlsx\" target=\"_blank\">TERMO DE REFER\u00caNCIA<\/a><\/td><\/tr><tr><td class=\"has-text-align-center\" data-align=\"center\">18\/02\/2022\u00a0 <\/td><td><strong>TAMP\u00c3O EM FERRO FUNDIDO<br>INICIO DA COTA\u00c7\u00c3O:<\/strong> 18\/02\/2022<br><strong>T\u00c9RMINO:<\/strong> 22\/02\/2022<\/td><td class=\"has-text-align-center\" data-align=\"center\">\u00a0<a href=\"https:\/\/www.saaecandidomota.com.br\/wp-content\/uploads\/2023\/06\/TAMPOES.xlsx\" target=\"_blank\" rel=\"noreferrer noopener\">TERMO DE REFER\u00caNCIA<\/a><\/td><\/tr><tr><td class=\"has-text-align-center\" data-align=\"center\">22\/02\/2022<\/td><td><strong>PO\u00c7O DE VISITAS<br>INICIO DA COTA\u00c7\u00c3O:<\/strong> 22\/02\/2022<br><strong>T\u00c9RMINO:<\/strong> 24\/02\/2022<\/td><td class=\"has-text-align-center\" data-align=\"center\"><a rel=\"noreferrer noopener\" href=\"https:\/\/www.saaecandidomota.com.br\/wp-content\/uploads\/2023\/06\/POCO_DE_VISITA.xlsx\" target=\"_blank\">ARQUIVO<\/a><br>\u00a0<a href=\"https:\/\/www.saaecandidomota.com.br\/wp-content\/uploads\/2023\/06\/TERMO-DE-REFERENCIA-1.pdf\" target=\"_blank\" rel=\"noreferrer noopener\">TERMO DE REFER\u00caNCIA<\/a><\/td><\/tr><tr><td class=\"has-text-align-center\" data-align=\"center\">\u00a025\/02\/2022<\/td><td><strong>SEGURAN\u00c7A EM MEDICINA DO TRABALHO<br>INICIO DA COTA\u00c7\u00c3O:<\/strong> 25\/02\/2022<br><strong>T\u00c9RMINO:<\/strong> 03\/03\/2022<\/td><td class=\"has-text-align-center\" data-align=\"center\"><a rel=\"noreferrer noopener\" href=\"https:\/\/www.saaecandidomota.com.br\/wp-content\/uploads\/2023\/06\/COTACAO.xlsx\" target=\"_blank\">ARQUIVO<\/a><br>\u00a0<a rel=\"noreferrer noopener\" href=\"https:\/\/www.saaecandidomota.com.br\/wp-content\/uploads\/2023\/06\/Termo-de-referencia-LTCAT-e-outros.pdf\" target=\"_blank\">TERMO DE REFER\u00caNCIA<\/a><br><a href=\"https:\/\/www.saaecandidomota.com.br\/wp-content\/uploads\/2023\/06\/EXTRATOCONTRATO.pdf\" target=\"_blank\" rel=\"noreferrer noopener\">EXTRATO DE CONTRATO<\/a><\/td><\/tr><\/tbody><\/table><\/figure>\n\n\n\n<p><\/p>\n\n\n\n<h5 class=\"wp-block-heading has-text-align-center\">COMPRA DIRETA 2021<\/h5>\n\n\n\n<p class=\"has-text-align-center\"><strong>2021<\/strong><\/p>\n\n\n\n<figure class=\"wp-block-table aligncenter\"><table><tbody><tr><td class=\"has-text-align-center\" data-align=\"center\">Data<\/td><td>Compra Direta<\/td><td class=\"has-text-align-center\" data-align=\"center\">Arquivo<\/td><\/tr><tr><td class=\"has-text-align-center\" data-align=\"center\">\u00a0 22\/06\/2021<\/td><td><strong>REPARADOR DE PAVIMENTO ASF\u00c1LTICO<br>INICIO DA COTA\u00c7\u00c3O:<\/strong> 23\/06\/2021<br><strong>T\u00c9RMINO:<\/strong> 25\/06\/2021<\/td><td class=\"has-text-align-center\" data-align=\"center\"><a href=\"https:\/\/www.saaecandidomota.com.br\/wp-content\/uploads\/2023\/06\/REPARADOR_DE_PAVIMENTO_ASFALTICO-1.xlsx\" target=\"_blank\" rel=\"noreferrer noopener\">ARQUIVO<\/a><\/td><\/tr><tr><td class=\"has-text-align-center\" data-align=\"center\">24\/06\/2021<\/td><td><strong>MANGUEIRA DE CAMINH\u00c3O PARA LIMPEZA<\/strong><br><strong>INICIO DA COTA\u00c7\u00c3O:<\/strong> 25\/06\/2021<br><strong>T\u00c9RMINO:<\/strong> 29\/06\/2021<\/td><td class=\"has-text-align-center\" data-align=\"center\"><a href=\"https:\/\/www.saaecandidomota.com.br\/wp-content\/uploads\/2023\/06\/MANGUEIRA_DE_CAMINHAO_PARALIMPEZA.xlsx\" target=\"_blank\" rel=\"noreferrer noopener\">ARQUIVO<\/a><br><\/td><\/tr><tr><td class=\"has-text-align-center\" data-align=\"center\">25\/06\/2021<\/td><td><strong>EQUIPAMENTO DE PROTE\u00c7\u00c3O INDIVIDUAL (EPI)<\/strong><br><strong>INICIO DA COTA\u00c7\u00c3O:<\/strong> 28\/06\/2021<br><strong>T\u00c9RMINO:<\/strong> 30\/06\/2021<\/td><td class=\"has-text-align-center\" data-align=\"center\"><a href=\"https:\/\/www.saaecandidomota.com.br\/wp-content\/uploads\/2023\/06\/EQUIPAMENTOS_DE_SEGURANCA.xlsx\" target=\"_blank\" rel=\"noreferrer noopener\">ARQUIVO<\/a><\/td><\/tr><\/tbody><\/table><\/figure>\n\n\n<div class=\"style-562 style-local-175-c1 position-relative\" data-colibri-id=\"175-c1\">\n<div id=\"custom\" class=\"h-section h-section-global-spacing d-flex align-items-lg-center align-items-md-center align-items-center style-563 style-local-175-c2 position-relative\" data-colibri-component=\"section\" data-colibri-id=\"175-c2\">\n<div class=\"h-section-grid-container h-section-boxed-container\">\n<div class=\"h-row-container gutters-row-lg-2 gutters-row-md-2 gutters-row-0 gutters-row-v-lg-2 gutters-row-v-md-2 gutters-row-v-2 style-564 style-local-175-c3 position-relative\" data-colibri-id=\"175-c3\">\n<div class=\"h-row justify-content-lg-center justify-content-md-center justify-content-center align-items-lg-stretch align-items-md-stretch align-items-stretch gutters-col-lg-2 gutters-col-md-2 gutters-col-0 gutters-col-v-lg-2 gutters-col-v-md-2 gutters-col-v-2\">\n<div class=\"h-column h-column-container d-flex h-col-lg-auto h-col-md-auto h-col-auto style-565-outer style-local-175-c4-outer\">\n<div class=\"d-flex h-flex-basis h-column__inner h-px-lg-2 h-px-md-2 h-px-2 v-inner-lg-2 v-inner-md-2 v-inner-2 style-565 style-local-175-c4 position-relative\" data-colibri-id=\"175-c4\">\n<div class=\"w-100 h-y-container h-column__content h-column__v-align flex-basis-100 align-self-lg-start align-self-md-start align-self-start\">\n<div class=\"h-menu h-global-transition-all h-ignore-global-body-typography has-offcanvas-mobile h-menu-horizontal h-dropdown-menu style-570 style-local-175-c7 position-relative h-element\" role=\"navigation\" data-colibri-component=\"dropdown-menu\" data-colibri-id=\"175-c7\">\n<div class=\"h-global-transition-all h-main-menu\"><div class=\"colibri-menu-container\"><ul id=\"menu-menu-rodape\" class=\"colibri-menu bordered-active-item bordered-active-item--bottom effect-borders-grow grow-from-left\"><li id=\"menu-item-379\" class=\"menu-item menu-item-type-post_type menu-item-object-page menu-item-379\"><a href=\"https:\/\/www.saaecandidomota.com.br\/?page_id=374\">Taxas de consumo<\/a><\/li>\n<li id=\"menu-item-380\" class=\"menu-item menu-item-type-post_type menu-item-object-page menu-item-380\"><a href=\"https:\/\/www.saaecandidomota.com.br\/?page_id=372\">Servi\u00e7os Oferecidos<\/a><\/li>\n<li id=\"menu-item-378\" class=\"menu-item menu-item-type-post_type menu-item-object-page menu-item-378\"><a href=\"https:\/\/www.saaecandidomota.com.br\/?page_id=376\">Dicas de economia<\/a><\/li>\n<li id=\"menu-item-371\" class=\"menu-item menu-item-type-post_type menu-item-object-page menu-item-371\"><a href=\"https:\/\/www.saaecandidomota.com.br\/?page_id=369\">Not\u00edcias<\/a><\/li>\n<li id=\"menu-item-686\" class=\"menu-item menu-item-type-post_type menu-item-object-page menu-item-686\"><a href=\"https:\/\/www.saaecandidomota.com.br\/?page_id=646\">Pol\u00edtica de Privacidade<\/a><\/li>\n<li id=\"menu-item-1465\" class=\"menu-item menu-item-type-post_type menu-item-object-page menu-item-1465\"><a href=\"https:\/\/www.saaecandidomota.com.br\/?page_id=1458\">Ouvidoria<\/a><\/li>\n<\/ul><\/div><\/div>\n<div class=\"h-mobile-menu h-global-transition-disable style-571 style-local-175-c8 position-relative h-element\" data-colibri-id=\"175-c8\">\n<div id=\"offcanvas-wrapper-175-c8\" class=\"h-offcanvas-panel offcanvas offcanvas-right hide force-hide style-571-offscreen style-local-175-c8-offscreen\">\n<div class=\"d-flex flex-column h-offscreen-panel style-572 style-local-175-c9 position-relative h-element\" data-colibri-id=\"175-c9\">\n<div class=\"offscreen-content\">\n<p><span style=\"color: initial;\"><div class=\"colibri-menu-container\"><ul id=\"menu-menu-rodape-1\" class=\"colibri-menu none \"><li class=\"menu-item menu-item-type-post_type menu-item-object-page menu-item-379\"><a href=\"https:\/\/www.saaecandidomota.com.br\/?page_id=374\">Taxas de consumo<\/a><\/li>\n<li class=\"menu-item menu-item-type-post_type menu-item-object-page menu-item-380\"><a href=\"https:\/\/www.saaecandidomota.com.br\/?page_id=372\">Servi\u00e7os Oferecidos<\/a><\/li>\n<li class=\"menu-item menu-item-type-post_type menu-item-object-page menu-item-378\"><a href=\"https:\/\/www.saaecandidomota.com.br\/?page_id=376\">Dicas de economia<\/a><\/li>\n<li class=\"menu-item menu-item-type-post_type menu-item-object-page menu-item-371\"><a href=\"https:\/\/www.saaecandidomota.com.br\/?page_id=369\">Not\u00edcias<\/a><\/li>\n<li class=\"menu-item menu-item-type-post_type menu-item-object-page menu-item-686\"><a href=\"https:\/\/www.saaecandidomota.com.br\/?page_id=646\">Pol\u00edtica de Privacidade<\/a><\/li>\n<li class=\"menu-item menu-item-type-post_type menu-item-object-page menu-item-1465\"><a href=\"https:\/\/www.saaecandidomota.com.br\/?page_id=1458\">Ouvidoria<\/a><\/li>\n<\/ul><\/div><\/span><\/p>\n<div class=\"h-menu h-global-transition-all h-ignore-global-body-typography h-mobile-menu h-menu-accordion style-573 style-local-175-c10 position-relative h-element\" role=\"navigation\" data-colibri-component=\"accordion-menu\" data-colibri-id=\"175-c10\">\n<p>\u00a0<\/p>\n<\/div>\n<\/div>\n<div class=\"offscreen-footer h-ui-empty-state-container\">\n<div class=\"h-row-container gutters-row-lg-0 gutters-row-md-0 gutters-row-0 gutters-row-v-lg-0 gutters-row-v-md-0 gutters-row-v-0 style-577 style-local-175-c14 position-relative\" data-colibri-id=\"175-c14\">\n<p>\u00a0<\/p>\n<div class=\"h-row justify-content-lg-center justify-content-md-center justify-content-center align-items-lg-stretch align-items-md-stretch align-items-stretch gutters-col-lg-0 gutters-col-md-0 gutters-col-0 gutters-col-v-lg-0 gutters-col-v-md-0 gutters-col-v-0\">\n<div class=\"h-column h-column-container d-flex h-col-lg h-col-md h-col-auto style-578-outer style-local-175-c15-outer\">\n<div class=\"d-flex h-flex-basis h-column__inner h-px-lg-2 h-px-md-2 h-px-2 v-inner-lg-2 v-inner-md-2 v-inner-2 style-578 style-local-175-c15 position-relative\" data-colibri-id=\"175-c15\">\n<div class=\"w-100 h-y-container h-column__content h-column__v-align flex-basis-100 align-self-lg-start align-self-md-start align-self-start\">\n<div class=\"h-text h-text-component style-579 style-local-175-c16 position-relative h-element\" data-colibri-id=\"175-c16\">\n<div class=\"\">\n<p>\u00a9 2023<\/p>\n<p>\u00a0<\/p>\n<\/div>\n<\/div>\n<\/div>\n<\/div>\n<\/div>\n<\/div>\n<\/div>\n<\/div>\n<\/div>\n<\/div>\n<div id=\"offcanvas-overlay-175-c8\" class=\"offscreen-overlay style-571-offscreenOverlay style-local-175-c8-offscreenOverlay\">\u00a0<\/div>\n<p>\u00a0<\/p>\n<\/div>\n<\/div>\n<\/div>\n<\/div>\n<\/div>\n<div class=\"h-column h-column-container d-flex h-col-lg-auto h-col-md-auto h-col-auto style-566-outer style-local-175-c5-outer\">\n<div class=\"d-flex h-flex-basis h-column__inner h-px-lg-2 h-px-md-2 h-px-2 v-inner-lg-2 v-inner-md-2 v-inner-2 style-566 style-local-175-c5 position-relative\" data-colibri-id=\"175-c5\"><br \/>\n<p>\u00a0<\/p>\n<div class=\"w-100 h-y-container h-column__content h-column__v-align flex-basis-100 align-self-lg-start align-self-md-start align-self-start\">\n<p>\u00a0<\/p>\n<div class=\"colibri_search_container style-568 style-local-175-c6 position-relative h-element\" data-style-class=\"style-568\" data-colibri-component=\"search\" data-colibri-id=\"175-c6\">\n<p>\u00a0<\/p>\n<div class=\"h-global-transition-all\"><form role=\"search\"  method=\"get\" class=\"search-form colibri_search_form\" action=\"https:\/\/www.saaecandidomota.com.br\/\">\n<p>\u00a0<\/p>\n<div class=\"d-flex\"><input class=\"colibri_search_input search-field\" name=\"s\" type=\"text\" placeholder=\"Pesquisar...\" \/><br \/><button class=\"colibri_search_button search-submit\" type=\"submit\"><br \/><br \/><\/button><\/div>\n<p><\/form><\/p>\n<\/div>\n<\/div>\n<\/div>\n<\/div>\n<\/div>\n<\/div>\n<\/div>\n<\/div>\n<\/div>\n<\/div>","protected":false},"excerpt":{"rendered":"<p>Os or\u00e7amentos devem ser enviados para o e-mail que consta na planilha anexa ou entregues na Rua Jo\u00e3o Pio Barbosa,197, C\u00e2ndido Mota, aos cuidados do Departamento de Compras e Licita\u00e7\u00f5es. 2022 DataCompra diretaArquivo\u00a0 24\/01\/2022REPARADOR DE PAVIMENTO ASF\u00c1LTICOINICIO DA COTA\u00c7\u00c3O: 24\/01\/2022T\u00c9RMINO: 26\/01\/2022ARQUIVO\u00a0TERMO DE REFER\u00caNCIA\u00a0 25\/01\/2022REDE DE ESGOTOINICIO DA COTA\u00c7\u00c3O: 25\/01\/2022T\u00c9RMINO: 27\/01\/2022ARQUIVO\u00a0TERMO DE REFER\u00caNCIA\u00a0 07\/02\/2022TERMONEBULIZADORINICIO DA COTA\u00c7\u00c3O: [&hellip;]<\/p>\n","protected":false},"author":1,"featured_media":0,"parent":0,"menu_order":0,"comment_status":"closed","ping_status":"closed","template":"page-templates\/full-width-page.php","meta":{"footnotes":""},"class_list":["post-175","page","type-page","status-publish","hentry"],"aioseo_notices":[],"_links":{"self":[{"href":"https:\/\/www.saaecandidomota.com.br\/index.php?rest_route=\/wp\/v2\/pages\/175","targetHints":{"allow":["GET"]}}],"collection":[{"href":"https:\/\/www.saaecandidomota.com.br\/index.php?rest_route=\/wp\/v2\/pages"}],"about":[{"href":"https:\/\/www.saaecandidomota.com.br\/index.php?rest_route=\/wp\/v2\/types\/page"}],"author":[{"embeddable":true,"href":"https:\/\/www.saaecandidomota.com.br\/index.php?rest_route=\/wp\/v2\/users\/1"}],"replies":[{"embeddable":true,"href":"https:\/\/www.saaecandidomota.com.br\/index.php?rest_route=%2Fwp%2Fv2%2Fcomments&post=175"}],"version-history":[{"count":19,"href":"https:\/\/www.saaecandidomota.com.br\/index.php?rest_route=\/wp\/v2\/pages\/175\/revisions"}],"predecessor-version":[{"id":957,"href":"https:\/\/www.saaecandidomota.com.br\/index.php?rest_route=\/wp\/v2\/pages\/175\/revisions\/957"}],"wp:attachment":[{"href":"https:\/\/www.saaecandidomota.com.br\/index.php?rest_route=%2Fwp%2Fv2%2Fmedia&parent=175"}],"curies":[{"name":"wp","href":"https:\/\/api.w.org\/{rel}","templated":true}]}}