{"id":179,"date":"2023-06-08T18:46:06","date_gmt":"2023-06-08T21:46:06","guid":{"rendered":"https:\/\/localhost\/meusitesaae\/wordpress\/?page_id=179"},"modified":"2025-12-08T19:48:38","modified_gmt":"2025-12-08T22:48:38","slug":"pregoes","status":"publish","type":"page","link":"https:\/\/www.saaecandidomota.com.br\/?page_id=179","title":{"rendered":"Preg\u00f5es"},"content":{"rendered":"\n<p><\/p>\n\n\n\n<p class=\"has-text-align-center\"><strong>2025<\/strong><\/p>\n\n\n\n<figure class=\"wp-block-table aligncenter\"><table class=\"has-fixed-layout\"><tbody><tr><td><strong>DATA<\/strong><\/td><td><strong>T\u00cdTULO<\/strong><\/td><td><strong>ARQUIVO<\/strong><\/td><\/tr><tr><td>01\/05\/2025<\/td><td><strong>PREG\u00c3O ELETR\u00d4NICO 001\/2025 &#8211; CONTRATA\u00c7\u00c3O DE EMPRESA PARA FORNECIMENTO DE PRODUTOS QU\u00cdMICOS (HIPOCLORITO DE S\u00d3DIO E ACIDO FLUORSSILICICO)\u201d, COM ENTREGA PARCELADA, PELO PER\u00cdODO DE 12 (DOZE) MESES<\/strong><br><strong>PROCESSO LICIAT\u00d3RIO<\/strong> N\u00ba: 007\/2025<br><strong>RECEBIMENTO DE PROPOSTAS:<\/strong> 05\/05\/2025 AS 09:00H AT\u00c9 15\/05\/2025 AS 09:00H.<br><strong>LIMITES PARA IMPUGNA\u00c7\u00d5ES:<\/strong> AT\u00c9 AS 16:59H DO DIA 12\/05\/2025<\/td><td><a href=\"https:\/\/www.saaecandidomota.com.br\/wp-content\/uploads\/2025\/05\/EDITAL-1.pdf\" target=\"_blank\" rel=\"noopener\" title=\"\">EDITAL<\/a><br><a href=\"https:\/\/www.saaecandidomota.com.br\/wp-content\/uploads\/2025\/05\/modelo-de-anexos-6.docx\" target=\"_blank\" rel=\"noopener\" title=\"\">MODELO DE ANEXOS<\/a><br><a href=\"https:\/\/www.portaldecompraspublicas.com.br\/processos\/sp\/servico-autonomo-de-agua-e-esgoto-de-candido-mota-3156\/pe-01-2025-2025-384671\" target=\"_blank\" rel=\"noopener\" title=\"LINK PARA O PROCESSO\">LINK PARA O PROCESSO<\/a><br><a href=\"https:\/\/www.saaecandidomota.com.br\/wp-content\/uploads\/2025\/07\/CONTRATO-009-2025.pdf\" target=\"_blank\" rel=\"noopener\" title=\"\">CONTRATO<\/a><br><a href=\"https:\/\/www.saaecandidomota.com.br\/wp-content\/uploads\/2025\/07\/extrato-de-contrato-23.pdf\" target=\"_blank\" rel=\"noopener\" title=\"\">EXTRATO DE CONTRATO<\/a><br><a href=\"https:\/\/www.saaecandidomota.com.br\/wp-content\/uploads\/2025\/07\/extrato-de-adjucacao-e-homologacao-1.pdf\" target=\"_blank\" rel=\"noopener\" title=\"\">EXTRATO ADJUCU\u00c7\u00c3O E HOMOLOGA\u00c7\u00c3O<\/a><\/td><\/tr><tr><td>20\/06\/2025<\/td><td><strong>PREG\u00c3O ELETR\u00d4NICO 002\/2025 &#8211; AQUISI\u00c7\u00c3O DE 01 (UM) CORTADOR DE GRAMA TRIPULADO, COM TECNOLOGIA GIRO SOBRE SEU PR\u00d3PRIO EIXO (GIRO ZERO)<\/strong><br><strong>PROCESSO LICIAT\u00d3RIO<\/strong> N\u00ba: 009\/2025<br><strong>RECEBIMENTO DE PROPOSTAS:<\/strong> 23\/06\/2025 AS 09:00H AT\u00c9 03\/07\/2025 AS 09:00H.<br><strong>LIMITES PARA IMPUGNA\u00c7\u00d5ES:<\/strong> AT\u00c9 AS 23:59H DO DIA 30\/06\/2025<\/td><td><a href=\"https:\/\/www.saaecandidomota.com.br\/wp-content\/uploads\/2025\/06\/EDITAL-10.pdf\" target=\"_blank\" rel=\"noopener\" title=\"\">EDITAL<\/a><br><a href=\"https:\/\/www.saaecandidomota.com.br\/wp-content\/uploads\/2025\/06\/modelos-de-anexo.docx\" target=\"_blank\" rel=\"noopener\" title=\"\">MODELO DE ANEXOS<\/a><br><a href=\"https:\/\/www.portaldecompraspublicas.com.br\/processos\/sp\/servico-autonomo-de-agua-e-esgoto-de-candido-mota-3156\/pe-02-2025-2025-398710\" target=\"_blank\" rel=\"noopener\" title=\"\">LINK PARA O PROCESSO<\/a><br><a href=\"https:\/\/www.saaecandidomota.com.br\/wp-content\/uploads\/2025\/07\/Contrato-011-Copia.pdf\" target=\"_blank\" rel=\"noopener\" title=\"\">CONTRATO<\/a><br><a href=\"https:\/\/www.saaecandidomota.com.br\/wp-content\/uploads\/2025\/07\/extrato-de-contrato-22.pdf\" target=\"_blank\" rel=\"noopener\" title=\"\">EXTRATO DE CONTRATO<\/a><br><a href=\"https:\/\/www.saaecandidomota.com.br\/wp-content\/uploads\/2025\/07\/Extrato-de-Adjucacao-e-HOmologacao.pdf\" target=\"_blank\" rel=\"noopener\" title=\"\">EXTRATO ADJUCU\u00c7\u00c3O E HOMOLOGA\u00c7\u00c3O<\/a><\/td><\/tr><tr><td>03\/07\/2025<\/td><td><strong>PREG\u00c3O ELETR\u00d4NICO 003\/2025 &#8211; Contrata\u00e7\u00e3o de empresa para fornecimento de Insumos Laboratoriais qu\u00edmicos para a realiza\u00e7\u00e3o de an\u00e1lises f\u00edsico-qu\u00edmicas e bacteriol\u00f3gicas do sistema de abastecimento publico de \u00e1gua do munic\u00edpio de C\u00e2ndido Mota<\/strong>.<br><strong>PROCESSO LICIAT\u00d3RIO<\/strong> N\u00ba: 011\/2025<br><strong>RECEBIMENTO DE PROPOSTAS:<\/strong> 04\/07\/2025 AS 09:00H AT\u00c9 17\/07\/2025 AS 09:00H.<br><strong>LIMITES PARA IMPUGNA\u00c7\u00d5ES:<\/strong> AT\u00c9 AS 23:59H DO DIA 14\/07\/2025<\/td><td><a href=\"https:\/\/www.saaecandidomota.com.br\/wp-content\/uploads\/2025\/07\/EDITAL-11.pdf\" target=\"_blank\" rel=\"noopener\" title=\"\">EDITAL<\/a><br><a href=\"https:\/\/www.saaecandidomota.com.br\/wp-content\/uploads\/2025\/07\/Modelo-de-anexos-10.docx\" target=\"_blank\" rel=\"noopener\" title=\"\">MODELO DE ANEXOS<\/a><br><a href=\"https:\/\/www.portaldecompraspublicas.com.br\/processos\/sp\/servico-autonomo-de-agua-e-esgoto-de-candido-mota-3156\/pe-03-2025-2025-401644\" target=\"_blank\" rel=\"noopener\" title=\"\">LINK PARA O PROCESSO<\/a><br><a href=\"https:\/\/www.saaecandidomota.com.br\/wp-content\/uploads\/2025\/08\/extrato-de-contrato-24.pdf\" target=\"_blank\" rel=\"noopener\" title=\"\">EXTRATO DE CONTRATO<\/a><br><a href=\"https:\/\/www.saaecandidomota.com.br\/wp-content\/uploads\/2025\/08\/Contrato-015.pdf\" target=\"_blank\" rel=\"noopener\" title=\"\">CONTRATO I<\/a><br><a href=\"https:\/\/www.saaecandidomota.com.br\/wp-content\/uploads\/2025\/08\/Contrato-016.pdf\" target=\"_blank\" rel=\"noopener\" title=\"\">CONTRATO II<\/a><br><a href=\"https:\/\/www.saaecandidomota.com.br\/wp-content\/uploads\/2025\/08\/Contrato-017.pdf\" target=\"_blank\" rel=\"noopener\" title=\"\">CONTRATO III<\/a><br><a href=\"https:\/\/www.saaecandidomota.com.br\/wp-content\/uploads\/2025\/08\/Contrato-018.pdf\" target=\"_blank\" rel=\"noopener\" title=\"\">CONTRATO IV<\/a><br><a href=\"https:\/\/www.saaecandidomota.com.br\/wp-content\/uploads\/2025\/08\/extrato-de-homologacao.pdf\" target=\"_blank\" rel=\"noopener\" title=\"\">EXTRATO DE HOMOLOGA\u00c7\u00c3O<\/a><\/td><\/tr><tr><td>06\/11\/2025<\/td><td><strong>PREG\u00c3O ELETR\u00d4NICO 004\/2025 &#8211; <\/strong>Contrata\u00e7\u00e3o de empresa especializada para o fornecimento de EMULS\u00c3O ASF\u00c1LTICA CATIONICA RL-1C PARA APLICA\u00c7\u00c3O A FRIO.<br><strong>PROCESSO LICIAT\u00d3RIO<\/strong> N\u00ba: 033\/2025<br><strong>RECEBIMENTO DE PROPOSTAS:<\/strong> 07\/11\/2025 AS 09:00H AT\u00c9 19\/11\/2025 AS 09:00H.<br><strong>LIMITES PARA IMPUGNA\u00c7\u00d5ES:<\/strong> AT\u00c9 AS 23:59H DO DIA 14\/11\/2025<\/td><td><a href=\"https:\/\/www.saaecandidomota.com.br\/wp-content\/uploads\/2025\/11\/EDITAL-0611.pdf\" target=\"_blank\" rel=\"noopener\" title=\"\">EDITAL<\/a><br><a href=\"https:\/\/www.saaecandidomota.com.br\/wp-content\/uploads\/2025\/12\/extrato-de-homologacao.pdf\" target=\"_blank\" rel=\"noopener\" title=\"\">EXTRATO DE HOMOLOGA\u00c7\u00c3O<\/a><br><a href=\"https:\/\/www.saaecandidomota.com.br\/wp-content\/uploads\/2025\/12\/Empenho-2.pdf\" target=\"_blank\" rel=\"noopener\" title=\"\">EMPENHO<\/a><br><a href=\"https:\/\/www.saaecandidomota.com.br\/wp-content\/uploads\/2025\/12\/CONTRATO-025-2025.pdf\" target=\"_blank\" rel=\"noopener\" title=\"\">CONTRATO<\/a><br><a href=\"https:\/\/www.saaecandidomota.com.br\/wp-content\/uploads\/2025\/12\/extrato-de-contrato-27.pdf\" target=\"_blank\" rel=\"noopener\" title=\"\">EXTRATO DE CONTRATO<\/a><br><a href=\"https:\/\/www.saaecandidomota.com.br\/wp-content\/uploads\/2025\/12\/TERMO_DE_CIENCIA_assinado_3_assinado_assinado.pdf\" target=\"_blank\" rel=\"noopener\" title=\"\">TERMO DE CI\u00caNCIA E NOTIFICA\u00c7\u00c3O<\/a><br><\/td><\/tr><\/tbody><\/table><\/figure>\n\n\n\n<p><\/p>\n\n\n\n<p class=\"has-text-align-center\"><strong>2024<\/strong><\/p>\n\n\n\n<figure class=\"wp-block-table aligncenter\"><table><tbody><tr><td><strong>DATA<\/strong><\/td><td class=\"has-text-align-left\" data-align=\"left\"><strong>T\u00cdTULO<\/strong><\/td><td><strong>ARQUIVO<\/strong><\/td><\/tr><tr><td>25\/03\/2024<\/td><td class=\"has-text-align-left\" data-align=\"left\"><strong>PREG\u00c3O ELETR\u00d4NICO 001\/2024 &#8211; CONTRATA\u00c7\u00c3O DE PESSOA JUR\u00cdDICA PARA FORNECIMENTO DE HIPOCLORITO<\/strong> <strong>E \u00c1CIDO FLUORCIL\u00cdCICO<\/strong>.<br><strong>PROCESSO LICIAT\u00d3RIO<\/strong> N\u00ba: 003\/2024<br><strong>RECEBIMENTO DE PROPOSTAS:<\/strong> 26\/03\/2024 AS 09:00H AT\u00c9 08\/04\/2023 AS 09:00H.<br><strong>LIMITES PARA IMPUGNA\u00c7\u00d5ES:<\/strong> AT\u00c9 AS 16:59H DO DIA 03\/04\/2024<\/td><td><a href=\"https:\/\/www.saaecandidomota.com.br\/wp-content\/uploads\/2024\/03\/EDITAL-6.pdf\" target=\"_blank\" rel=\"noopener\" title=\"\">EDITAL<\/a><br><a href=\"https:\/\/www.saaecandidomota.com.br\/wp-content\/uploads\/2024\/04\/EXTRATO-DE-CONTRATO.pdf\" target=\"_blank\" rel=\"noopener\" title=\"\">EXTRATO DE CONTRATO<\/a> <br><a href=\"https:\/\/www.saaecandidomota.com.br\/wp-content\/uploads\/2024\/04\/EXTRATO-ADJUCUCAO-E-HOMOLOGACAO.pdf\" target=\"_blank\" rel=\"noopener\" title=\"\">ADJUN\u00c7\u00c3O E HOMOLOGA\u00c7\u00c3O<\/a><\/td><\/tr><tr><td>13\/06\/2024<\/td><td class=\"has-text-align-left\" data-align=\"left\"><strong>PREG\u00c3O ELETR\u00d4NICO 002\/2024 &#8211; AQUISI\u00c7AO DE REPARADOR DE PAVIMENTO ASF\u00c1LTICO, TIPO CONCRETO USINADO A QUENTE PARA APLICA\u00c7\u00c3O A FRIO, FORNECIDO EM UNIDADE DE 25KG.<\/strong><br><strong>PROCESSO LICIAT\u00d3RIO<\/strong> N\u00ba: 011\/2024<br><strong>RECEBIMENTO DE PROPOSTAS:<\/strong> 26\/06\/2024 AS 09:00H<br><strong>LIMITES PARA IMPUGNA\u00c7\u00d5ES:<\/strong> AT\u00c9 AS 16:59H DO DIA 03\/06\/2024<\/td><td><a href=\"https:\/\/www.saaecandidomota.com.br\/wp-content\/uploads\/2024\/06\/EDITAL-7.pdf\" target=\"_blank\" rel=\"noopener\" title=\"\">EDITAL<\/a><br><a href=\"https:\/\/www.saaecandidomota.com.br\/wp-content\/uploads\/2024\/07\/EXTRATO-DE-CONTRATO.pdf\" target=\"_blank\" rel=\"noopener\" title=\"\">EXTRATO DE CONTRATO<\/a><br><a href=\"https:\/\/www.saaecandidomota.com.br\/wp-content\/uploads\/2024\/07\/EXTRATO-ADJUCUCAO-E-HOMOLOGACAO.pdf\" target=\"_blank\" rel=\"noopener\" title=\"\">EXTRATO ADJUCU\u00c7\u00c3O E HOMOLOGA\u00c7\u00c3O<\/a><br><a href=\"https:\/\/www.saaecandidomota.com.br\/wp-content\/uploads\/2024\/07\/Ata-Final.pdf\" target=\"_blank\" rel=\"noopener\" title=\"\">ATAFINAL<\/a><br><a href=\"https:\/\/www.saaecandidomota.com.br\/wp-content\/uploads\/2024\/10\/Despacho_assinado-PREGSO-2.pdf\" target=\"_blank\" rel=\"noopener\" title=\"\">DESPACHO<\/a><br><a href=\"https:\/\/www.saaecandidomota.com.br\/wp-content\/uploads\/2024\/10\/Decisao-TCE-SP-Pregao-Eletronico-02-2024-1-1.pdf\" target=\"_blank\" rel=\"noopener\" title=\"\">DECIS\u00c3O &#8211; TCE -SP<\/a><\/td><\/tr><tr><td>02\/07\/2024<\/td><td class=\"has-text-align-left\" data-align=\"left\"><strong>PREG\u00c3O ELETR\u00d4NICO 003\/2024 &#8211;<strong>CONTRATA\u00c7\u00c3O DE<br>EMPRESA(S) PARA FORNECIMENTO DE COMBUST\u00cdVEIS, DESTINADOS AOS<br>VE\u00cdCULOS, M\u00c1QUINAS E EQUIPAMENTOS DA AUTARQUIA<\/strong><\/strong><br><strong>PROCESSO LICIAT\u00d3RIO<\/strong> N\u00ba: 015\/2024<br><strong>RECEBIMENTO DE PROPOSTAS:<\/strong> 02\/07\/2024 AS 09:00H<br><strong>LIMITES PARA IMPUGNA\u00c7\u00d5ES:<\/strong> AT\u00c9 AS 16:59H DO DIA 11\/07\/2024<\/td><td><a href=\"https:\/\/www.saaecandidomota.com.br\/wp-content\/uploads\/2024\/07\/EDITAL-8.pdf\" target=\"_blank\" rel=\"noopener\" title=\"\">EDITAL<\/a><br><a href=\"https:\/\/www.portaldecompraspublicas.com.br\/processos\/sp\/servico-autonomo-de-agua-e-esgoto-de-candido-mota-3156\/pe-03-2024-2024-315815\" target=\"_blank\" rel=\"noopener\" title=\"\">LINK PARA O PROCESSO<\/a><br><a href=\"https:\/\/www.saaecandidomota.com.br\/wp-content\/uploads\/2024\/10\/Extrato-Licitacao-Fracassada-2.pdf\" target=\"_blank\" rel=\"noopener\" title=\"\">EXTRATO DE LICITA\u00c7\u00c3O<\/a><br><a href=\"https:\/\/www.saaecandidomota.com.br\/wp-content\/uploads\/2024\/10\/Decisao-Recurso-2.pdf\" target=\"_blank\" rel=\"noopener\" title=\"\">DECIS\u00c3O<\/a><br><a href=\"https:\/\/www.saaecandidomota.com.br\/wp-content\/uploads\/2024\/10\/Ata-Final-2.pdf\" target=\"_blank\" rel=\"noopener\" title=\"\">ATA FINAL<\/a><br><a href=\"https:\/\/www.saaecandidomota.com.br\/wp-content\/uploads\/2024\/10\/Decisao-Recurso-PREGAO3.pdf\" target=\"_blank\" rel=\"noopener\" title=\"\">DECIS\u00c3O DE RECURSO<\/a><br><a href=\"https:\/\/www.saaecandidomota.com.br\/wp-content\/uploads\/2024\/10\/Ata-FinalPREGAO-3.pdf\" target=\"_blank\" rel=\"noopener\" title=\"\">ATA FINAL<\/a><br><a href=\"https:\/\/www.saaecandidomota.com.br\/wp-content\/uploads\/2024\/10\/Extrato-Licitacao-Fracassada-PREGAO3.pdf\" target=\"_blank\" rel=\"noopener\" title=\"\">EXTRATO DE LICITA\u00c7\u00c3O<\/a><\/td><\/tr><tr><td>28\/08\/2024<\/td><td class=\"has-text-align-left\" data-align=\"left\"><strong>PREG\u00c3O ELETR\u00d4NICO 004\/2024 &#8211;<strong>CONTRATA\u00c7\u00c3O DE<br>EMPRESA(S) PARA FORNECIMENTO DE COMBUST\u00cdVEIS, DESTINADOS AO<br>ABASTECIMETO DOS VE\u00cdCULOS, M\u00c1QUINAS E EQUIPAMENTOS DA<br>AUTARQUIA<\/strong><\/strong><br><strong>PROCESSO LICIAT\u00d3RIO<\/strong> N\u00ba: 019\/2024<br><strong>RECEBIMENTO DE PROPOSTAS:<\/strong> 30\/08\/2024 AS 09:00H<br><strong>LIMITES PARA IMPUGNA\u00c7\u00d5ES:<\/strong> AT\u00c9 AS 16:59H DO DIA 06\/09\/2024<\/td><td><a href=\"https:\/\/www.saaecandidomota.com.br\/wp-content\/uploads\/2024\/10\/EDITAL-PREGAO-4.pdf\" target=\"_blank\" rel=\"noopener\" title=\"\">EDITAL<\/a><br><a href=\"https:\/\/www.portaldecompraspublicas.com.br\/processos\/sp\/servico-autonomo-de-agua-e-esgoto-de-candido-mota-3156\/pe-04-2024-2024-331376\" target=\"_blank\" rel=\"noopener\" title=\"\">LINK PARA O PROCESSO<\/a><br><a href=\"https:\/\/www.saaecandidomota.com.br\/wp-content\/uploads\/2024\/10\/Extrato-de-Contrato-PREGAO-4.pdf\" target=\"_blank\" rel=\"noopener\" title=\"\">EXTRATO DE CONTRATO<\/a><br><a href=\"https:\/\/www.saaecandidomota.com.br\/wp-content\/uploads\/2024\/10\/Extrato-de-adjucacao-e-homologacaoPREGAO-4-1.pdf\" target=\"_blank\" rel=\"noopener\" title=\"\">EXTRATO ADJUCU\u00c7\u00c3O E HOMOLOGA\u00c7\u00c3O<\/a> <\/td><\/tr><tr><td>28\/11\/2024<\/td><td class=\"has-text-align-left\" data-align=\"left\"><strong>PREG\u00c3O ELETR\u00d4NICO 005\/2024 &#8211;<strong>Contrata\u00e7\u00e3o de empresa para fornecimento 01 (uma) retroescavadeira nova, zero hora, ano 2024 ou superio<\/strong><\/strong>r.<br><strong>PROCESSO LICIAT\u00d3RIO<\/strong> N\u00ba: 028\/2024<br><strong>RECEBIMENTO DE PROPOSTAS:<\/strong> 29\/11\/2024 AS 09:00H<br><strong>LIMITES PARA IMPUGNA\u00c7\u00d5ES:<\/strong> AT\u00c9 AS 23:59H DO DIA 06\/12\/2024<\/td><td><a href=\"https:\/\/www.saaecandidomota.com.br\/wp-content\/uploads\/2024\/11\/EDITAL.pdf\" target=\"_blank\" rel=\"noopener\" title=\"\">EDITAL<\/a><br><a href=\"https:\/\/www.portaldecompraspublicas.com.br\/processos\/sp\/servico-autonomo-de-agua-e-esgoto-de-candido-mota-3156\/pe-005-2024-2024-351496\" target=\"_blank\" rel=\"noopener\" title=\"\">LINK PARA O PROCESSO<\/a><br><a href=\"https:\/\/www.saaecandidomota.com.br\/wp-content\/uploads\/2025\/01\/Extrato-de-Contrato.pdf\" target=\"_blank\" rel=\"noopener\" title=\"\">EXTRATO DE CONTRATO<\/a> <br><a href=\"https:\/\/www.saaecandidomota.com.br\/wp-content\/uploads\/2025\/01\/extrato-de-homologacao.pdf\" target=\"_blank\" rel=\"noopener\" title=\"\">HOMOLOGA\u00c7\u00c3O<\/a> <br><a href=\"https:\/\/www.saaecandidomota.com.br\/wp-content\/uploads\/2025\/01\/Contrato.pdf\" target=\"_blank\" rel=\"noopener\" title=\"\">CONTRATO<\/a><\/td><\/tr><\/tbody><\/table><\/figure>\n\n\n\n<p class=\"has-text-align-center has-medium-font-size\"><strong>2023<\/strong><\/p>\n\n\n\n<figure class=\"wp-block-table aligncenter\" style=\"font-size:17px\"><table><tbody><tr><td class=\"has-text-align-center\" data-align=\"center\"><strong>DATA<\/strong><\/td><td class=\"has-text-align-left\" data-align=\"left\">                                                <strong>T\u00cdTULO   <\/strong>            <\/td><td class=\"has-text-align-center\" data-align=\"center\"><strong>ARQUIVO<\/strong><\/td><\/tr><tr><td class=\"has-text-align-center\" data-align=\"center\">22\/03\/2023<\/td><td class=\"has-text-align-left\" data-align=\"left\"><strong>PREG\u00c3O ELETR\u00d4NICO 001\/2023 &#8211; AQUISI\u00c7\u00c3O DE MATERIAS HIDR\u00c1ULICOS<\/strong><br><strong>PROCESSO LICIAT\u00d3RIO<\/strong> N\u00ba: 006\/2023<br><strong>RECEBIMENTO DE PROPOSTAS:<\/strong> 22\/03\/2023 AS 09:00H AT\u00c9 03\/04\/2023 AS 09:00H.<br><strong>LIMITES PARA IMPUGNA\u00c7\u00d5ES:<\/strong> AT\u00c9 AS 09:00H DO DIA 29\/03\/2023<\/td><td class=\"has-text-align-center\" data-align=\"center\"><a href=\"https:\/\/www.saaecandidomota.com.br\/wp-content\/uploads\/2023\/06\/PREGAO-01_2023.pdf\" target=\"_blank\" rel=\"noreferrer noopener\">DOWNLOAD<\/a><br><a href=\"https:\/\/www.portaldecompraspublicas.com.br\/processos\/sp\/servico-autonomo-de-agua-e-esgoto-de-candido-mota-3156\/pe-001-2023-2023-228499\" target=\"_blank\" rel=\"noreferrer noopener\">LINK PARA PROCESSO<\/a><br><a href=\"https:\/\/www.saaecandidomota.com.br\/wp-content\/uploads\/2023\/06\/EXTRATO-DE-CONTRATO_PREGAO01_2023.pdf\" target=\"_blank\" rel=\"noreferrer noopener\">EXTRATO DE CONTRATO<\/a><\/td><\/tr><tr><td class=\"has-text-align-center\" data-align=\"center\">20\/06\/2023<\/td><td class=\"has-text-align-left\" data-align=\"left\"><strong>PREG\u00c3O ELETR\u00d4NICO 002\/2023 &#8211; AQUISI\u00c7\u00c3O DE VE\u00cdCULOS AUTOMOTORES 0KM.<\/strong><br><strong>PROCESSO LICIAT\u00d3RIO<\/strong> N\u00ba: 012\/2023<br><strong>RECEBIMENTO DE PROPOSTAS:<\/strong> 21\/06\/2023 AS 09:00H AT\u00c9 03\/07\/2023 AS 09:00H.<br><strong>LIMITES PARA IMPUGNA\u00c7\u00d5ES:<\/strong> AT\u00c9 AS 16H59 DO DIA 28\/06\/2023<\/td><td class=\"has-text-align-center\" data-align=\"center\"><a href=\"https:\/\/www.saaecandidomota.com.br\/wp-content\/uploads\/2023\/06\/EDITAL-PREGAO-002-DE-2023.pdf\" target=\"_blank\" rel=\"noreferrer noopener\">DOWNLOAD<\/a><br><a href=\"https:\/\/www.portaldecompraspublicas.com.br\/processos\/sp\/servico-autonomo-de-agua-e-esgoto-de-candido-mota-3156\/pe-02-2023-242259\" target=\"_blank\" rel=\"noreferrer noopener\">LINK PARA PROCESSO<\/a><br><a href=\"https:\/\/www.saaecandidomota.com.br\/wp-content\/uploads\/2023\/07\/EXTRATO-DE-CONTRATO-diario-municipio.pdf\" target=\"_blank\" rel=\"noreferrer noopener\">EXTRATO DE CONTRATO<\/a><br><a href=\"https:\/\/www.saaecandidomota.com.br\/wp-content\/uploads\/2023\/09\/Extrato-de-rescisao-de-Contrato-DOM.pdf\" target=\"_blank\" rel=\"noopener\" title=\"\">EXTRATO DE RESCIS\u00c3O<\/a><\/td><\/tr><tr><td class=\"has-text-align-center\" data-align=\"center\">28\/06\/2023<\/td><td class=\"has-text-align-left\" data-align=\"left\"><strong>PREG\u00c3O ELETR\u00d4NICO 003\/2023 &#8211; AQUISI\u00c7\u00c3O DE COMBUST\u00cdVEIS<\/strong>. <br><strong>PROCESSO LICIAT\u00d3RIO<\/strong> N\u00ba: 013\/2023<br><strong>RECEBIMENTO DE PROPOSTAS:<\/strong> 29\/06\/2023 AS 09:00H AT\u00c9 06\/07\/2023 AS 09:00H.<br><strong>LIMITES PARA IMPUGNA\u00c7\u00d5ES:<\/strong> AT\u00c9 AS 16H59 DO DIA 06\/07\/2023<\/td><td class=\"has-text-align-center\" data-align=\"center\"><a rel=\"noreferrer noopener\" href=\"https:\/\/www.saaecandidomota.com.br\/wp-content\/uploads\/2023\/07\/Edital-5.pdf\" target=\"_blank\">DOWNLOAD<\/a><br><a rel=\"noreferrer noopener\" href=\"https:\/\/www.portaldecompraspublicas.com.br\/processos\/sp\/servico-autonomo-de-agua-e-esgoto-de-candido-mota-3156\/pe-03-2023-243181\" target=\"_blank\">LINK PARA PROCESSO<\/a><br><a href=\"https:\/\/www.saaecandidomota.com.br\/wp-content\/uploads\/2023\/07\/Extrato-de-Contrato-1.pdf\" target=\"_blank\" rel=\"noreferrer noopener\">EXTRATO DE CONTRATO<\/a><\/td><\/tr><tr><td class=\"has-text-align-center\" data-align=\"center\">20\/10\/2023<\/td><td class=\"has-text-align-left\" data-align=\"left\"><strong>PREG\u00c3O ELETR\u00d4NICO 004\/2023 &#8211; AQUISI\u00c7\u00c3O DE VE\u00cdCULO<br>AUTOMOTOR SEDAN 0KM, ANO\/MODELO 2023\/2024. <\/strong><br><strong>PROCESSO LICIAT\u00d3RIO<\/strong> N\u00ba: 019\/2023<br><strong>RECEBIMENTO DE PROPOSTAS:<\/strong> 23\/10\/2023 AS 09:00H AT\u00c9 08\/11\/2023 AS 09:00H.<br><strong>LIMITES PARA IMPUGNA\u00c7\u00d5ES:<\/strong> AT\u00c9 AS 16H59 DO DIA 01\/11\/2023<\/td><td class=\"has-text-align-center\" data-align=\"center\"><a href=\"https:\/\/www.saaecandidomota.com.br\/wp-content\/uploads\/2023\/10\/pregao-4_2023.pdf\" target=\"_blank\" rel=\"noopener\" title=\"\">DOWNLOAD<\/a><br><a href=\"https:\/\/www.portaldecompraspublicas.com.br\/processos\/sp\/servico-autonomo-de-agua-e-esgoto-de-candido-mota-3156\/pe-04-2023-260827\" target=\"_blank\" rel=\"noopener\" title=\"\">LINK PARA PROCESSO<\/a><\/td><\/tr><\/tbody><\/table><\/figure>\n","protected":false},"excerpt":{"rendered":"<p>2025 DATAT\u00cdTULOARQUIVO01\/05\/2025PREG\u00c3O ELETR\u00d4NICO 001\/2025 &#8211; CONTRATA\u00c7\u00c3O DE EMPRESA PARA FORNECIMENTO DE PRODUTOS QU\u00cdMICOS (HIPOCLORITO DE S\u00d3DIO E ACIDO FLUORSSILICICO)\u201d, COM ENTREGA PARCELADA, PELO PER\u00cdODO DE 12 (DOZE) MESESPROCESSO LICIAT\u00d3RIO N\u00ba: 007\/2025RECEBIMENTO DE PROPOSTAS: 05\/05\/2025 AS 09:00H AT\u00c9 15\/05\/2025 AS 09:00H.LIMITES PARA IMPUGNA\u00c7\u00d5ES: AT\u00c9 AS 16:59H DO DIA 12\/05\/2025EDITALMODELO DE ANEXOSLINK PARA O PROCESSOCONTRATOEXTRATO DE CONTRATOEXTRATO [&hellip;]<\/p>\n","protected":false},"author":1,"featured_media":0,"parent":0,"menu_order":0,"comment_status":"closed","ping_status":"closed","template":"page-templates\/full-width-page.php","meta":{"footnotes":""},"class_list":["post-179","page","type-page","status-publish","hentry"],"aioseo_notices":[],"_links":{"self":[{"href":"https:\/\/www.saaecandidomota.com.br\/index.php?rest_route=\/wp\/v2\/pages\/179","targetHints":{"allow":["GET"]}}],"collection":[{"href":"https:\/\/www.saaecandidomota.com.br\/index.php?rest_route=\/wp\/v2\/pages"}],"about":[{"href":"https:\/\/www.saaecandidomota.com.br\/index.php?rest_route=\/wp\/v2\/types\/page"}],"author":[{"embeddable":true,"href":"https:\/\/www.saaecandidomota.com.br\/index.php?rest_route=\/wp\/v2\/users\/1"}],"replies":[{"embeddable":true,"href":"https:\/\/www.saaecandidomota.com.br\/index.php?rest_route=%2Fwp%2Fv2%2Fcomments&post=179"}],"version-history":[{"count":19,"href":"https:\/\/www.saaecandidomota.com.br\/index.php?rest_route=\/wp\/v2\/pages\/179\/revisions"}],"predecessor-version":[{"id":2847,"href":"https:\/\/www.saaecandidomota.com.br\/index.php?rest_route=\/wp\/v2\/pages\/179\/revisions\/2847"}],"wp:attachment":[{"href":"https:\/\/www.saaecandidomota.com.br\/index.php?rest_route=%2Fwp%2Fv2%2Fmedia&parent=179"}],"curies":[{"name":"wp","href":"https:\/\/api.w.org\/{rel}","templated":true}]}}