{"id":225,"date":"2023-06-08T19:12:44","date_gmt":"2023-06-08T22:12:44","guid":{"rendered":"https:\/\/localhost\/meusitesaae\/wordpress\/?page_id=225"},"modified":"2023-09-13T14:38:52","modified_gmt":"2023-09-13T17:38:52","slug":"portal-da-transparencia","status":"publish","type":"page","link":"https:\/\/www.saaecandidomota.com.br\/?page_id=225","title":{"rendered":"Portal da Transpar\u00eancia"},"content":{"rendered":"<div data-colibri-id=\"225-c1\" class=\"style-473 style-local-225-c1 position-relative\">\n  <!----><\/p>\n<div data-colibri-component=\"section\" data-colibri-id=\"225-c2\" id=\"initial-content\" class=\"h-section h-section-global-spacing d-flex align-items-lg-center align-items-md-center align-items-center style-474 style-local-225-c2 position-relative\">\n    <!----><br \/>\n    <!----><\/p>\n<div class=\"h-section-grid-container h-section-boxed-container\">\n      <!----><\/p>\n<div data-colibri-id=\"225-c3\" class=\"h-row-container gutters-row-lg-2 gutters-row-md-2 gutters-row-0 gutters-row-v-lg-2 gutters-row-v-md-2 gutters-row-v-2 style-475 style-local-225-c3 position-relative\">\n        <!----><\/p>\n<div class=\"h-row justify-content-lg-center justify-content-md-center justify-content-center align-items-lg-stretch align-items-md-stretch align-items-stretch gutters-col-lg-2 gutters-col-md-2 gutters-col-0 gutters-col-v-lg-2 gutters-col-v-md-2 gutters-col-v-2\">\n          <!----><\/p>\n<div class=\"h-column h-column-container d-flex h-col-lg-auto h-col-md-auto h-col-auto style-476-outer style-local-225-c4-outer\">\n<div data-colibri-id=\"225-c4\" class=\"d-flex h-flex-basis h-column__inner h-px-lg-2 h-px-md-2 h-px-2 v-inner-lg-2 v-inner-md-2 v-inner-2 style-476 style-local-225-c4 position-relative\">\n              <!----><br \/>\n              <!----><\/p>\n<div class=\"w-100 h-y-container h-column__content h-column__v-align flex-basis-100 align-self-lg-start align-self-md-start align-self-start\">\n                <!----><\/p>\n<div data-colibri-id=\"225-c5\" class=\"style-477 style-local-225-c5 position-relative h-element\">\n                  <!----><\/p>\n<div>\n\n\n<p>Este espa\u00e7o representa mais uma a\u00e7\u00e3o de promo\u00e7\u00e3o da transpar\u00eancia p\u00fablica que tem o objetivo de facilitar o acesso do cidad\u00e3o, em um \u00fanico local, as informa\u00e7\u00f5es a respeito de projetos e a\u00e7\u00f5es no \u00e2mbito do SAAE \u2013 Servi\u00e7o Aut\u00f4nomo de\n                      \u00c1gua e Esgoto de C\u00e2ndido Mota. Ao acessar o link abaixo, o cidad\u00e3o pode acompanhar o detalhamento e o resultado das a\u00e7\u00f5es desenvolvidas pela administra\u00e7\u00e3o.<\/p>\n\n\n\n<h4 class=\"wp-block-heading\"><strong>Acesse ao Portal atrav\u00e9s do\u00a0<a href=\"http:\/\/sisweb.saaecandidomota.com.br:8079\/transparencia\/\">SAAE-CM Transpar\u00eancia\u00a0<\/a>.<\/strong><\/h4>\n\n\n\n<h4 class=\"wp-block-heading\"><\/h4>\n\n\n\n<p>Acrescenta dispositivos \u00e0 Lei Complementar n\u00ba 101, de 4 de maio de 2000, que estabelece normas de finan\u00e7as p\u00fablicas voltadas para a responsabilidade na gest\u00e3o fiscal e de outras provid\u00eancias, afim de determinar a disponibiliza\u00e7\u00e3o em\n                      tempo real de informa\u00e7\u00f5es pormenorizadas sobre a execu\u00e7\u00e3o or\u00e7amentaria e financeira da Uni\u00e3o, dos Estados. do Distrito Federal e dos Munic\u00edpios.<\/p>\n\n\n\n<h4 class=\"wp-block-heading\"><strong>Para mais informa\u00e7\u00f5es confira a&nbsp;<a href=\"http:\/\/www.planalto.gov.br\/ccivil_03\/leis\/lcp\/lcp131.htm\" target=\"_blank\" rel=\"noreferrer noopener\">LEI COMPLEMENTAR N\u00ba 131, DE 27 DE MAIO DE 2009<\/a><\/strong><\/h4>\n\n\n<\/div>\n<\/div>\n<\/div>\n<\/div>\n<\/div>\n<\/div>\n<\/div>\n<\/div>\n<\/div>\n<div data-colibri-component=\"section\" data-colibri-id=\"225-c6\" id=\"custom\" class=\"h-section h-section-global-spacing d-flex align-items-lg-center align-items-md-center align-items-center style-478 style-local-225-c6 position-relative\">\n    <!----><br \/>\n    <!----><\/p>\n<div class=\"h-section-grid-container h-section-boxed-container\">\n      <!----><\/p>\n<div data-colibri-id=\"225-c7\" class=\"h-row-container gutters-row-lg-2 gutters-row-md-2 gutters-row-0 gutters-row-v-lg-2 gutters-row-v-md-2 gutters-row-v-2 style-479 style-local-225-c7 position-relative\">\n        <!----><\/p>\n<div class=\"h-row justify-content-lg-center justify-content-md-center justify-content-center align-items-lg-stretch align-items-md-stretch align-items-stretch gutters-col-lg-2 gutters-col-md-2 gutters-col-0 gutters-col-v-lg-2 gutters-col-v-md-2 gutters-col-v-2\">\n          <!----><\/p>\n<div class=\"h-column h-column-container d-flex h-col-lg-auto h-col-md-auto h-col-auto style-480-outer style-local-225-c8-outer\">\n<div data-colibri-id=\"225-c8\" class=\"d-flex h-flex-basis h-column__inner h-px-lg-2 h-px-md-2 h-px-2 v-inner-lg-2 v-inner-md-2 v-inner-2 style-480 style-local-225-c8 position-relative\">\n              <!----><br \/>\n              <!----><\/p>\n<div class=\"w-100 h-y-container h-column__content h-column__v-align flex-basis-100 align-self-lg-start align-self-md-start align-self-start\">\n                <!----><\/p>\n<div data-colibri-component=\"dropdown-menu\" role=\"navigation\" h-use-smooth-scroll-all=\"true\" data-colibri-id=\"225-c10\" class=\"h-menu h-global-transition-all h-ignore-global-body-typography has-offcanvas-mobile h-menu-horizontal h-dropdown-menu style-483 style-local-225-c10 position-relative h-element\">\n                  <!----><\/p>\n<div class=\"h-global-transition-all h-main-menu\"><div class=\"colibri-menu-container\"><ul id=\"menu-menu-rodape\" class=\"colibri-menu bordered-active-item bordered-active-item--bottom effect-borders-grow grow-from-left\"><li id=\"menu-item-379\" class=\"menu-item menu-item-type-post_type menu-item-object-page menu-item-379\"><a href=\"https:\/\/www.saaecandidomota.com.br\/?page_id=374\">Taxas de consumo<\/a><\/li>\n<li id=\"menu-item-380\" class=\"menu-item menu-item-type-post_type menu-item-object-page menu-item-380\"><a href=\"https:\/\/www.saaecandidomota.com.br\/?page_id=372\">Servi\u00e7os Oferecidos<\/a><\/li>\n<li id=\"menu-item-378\" class=\"menu-item menu-item-type-post_type menu-item-object-page menu-item-378\"><a href=\"https:\/\/www.saaecandidomota.com.br\/?page_id=376\">Dicas de economia<\/a><\/li>\n<li id=\"menu-item-371\" class=\"menu-item menu-item-type-post_type menu-item-object-page menu-item-371\"><a href=\"https:\/\/www.saaecandidomota.com.br\/?page_id=369\">Not\u00edcias<\/a><\/li>\n<li id=\"menu-item-686\" class=\"menu-item menu-item-type-post_type menu-item-object-page menu-item-686\"><a href=\"https:\/\/www.saaecandidomota.com.br\/?page_id=646\">Pol\u00edtica de Privacidade<\/a><\/li>\n<li id=\"menu-item-1465\" class=\"menu-item menu-item-type-post_type menu-item-object-page menu-item-1465\"><a href=\"https:\/\/www.saaecandidomota.com.br\/?page_id=1458\">Ouvidoria<\/a><\/li>\n<\/ul><\/div><\/div>\n<div data-colibri-id=\"225-c11\" class=\"h-mobile-menu h-global-transition-disable style-484 style-local-225-c11 position-relative h-element\">\n                    <!----><br \/>\n                    <a data-click-outside=\"true\" data-target=\"#offcanvas-wrapper-225-c11\" data-target-id=\"offcanvas-wrapper-225-c11\" data-offcanvas-overlay-id=\"offcanvas-overlay-225-c11\" href=\"#\" data-colibri-component=\"offcanvas\" data-direction=\"right\"\n                      data-push=\"false\" title=\"Menu\" class=\"h-hamburger-button\"><\/p>\n<div class=\"icon-container h-hamburger-icon\">\n<div class=\"h-icon-svg\" style=\"width: 100%; height: 100%;\">\n                          <!--Icon by Font Awesome (https:\/\/fontawesome.com)--><br \/>\n                          <svg version=\"1.1\" xmlns=\"http:\/\/www.w3.org\/2000\/svg\" xmlns:xlink=\"http:\/\/www.w3.org\/1999\/xlink\" id=\"bars\" viewBox=\"0 0 1536 1896.0833\">\n                            <path d=\"M1536 1344v128q0 26-19 45t-45 19H64q-26 0-45-19t-19-45v-128q0-26 19-45t45-19h1408q26 0 45 19t19 45zm0-512v128q0 26-19 45t-45 19H64q-26 0-45-19T0 960V832q0-26 19-45t45-19h1408q26 0 45 19t19 45zm0-512v128q0 26-19 45t-45 19H64q-26 0-45-19T0 448V320q0-26 19-45t45-19h1408q26 0 45 19t19 45z\"><\/path>\n                          <\/svg>\n                        <\/div>\n<\/p>\n<\/div>\n<p>                    <\/a><\/p>\n<div id=\"offcanvas-wrapper-225-c11\" class=\"h-offcanvas-panel offcanvas offcanvas-right hide force-hide style-484-offscreen style-local-225-c11-offscreen\">\n<div data-colibri-id=\"225-c12\" class=\"d-flex flex-column h-offscreen-panel style-485 style-local-225-c12 position-relative h-element\">\n                        <!----><\/p>\n<div class=\"offscreen-header h-ui-empty-state-container\">\n<div data-colibri-id=\"225-c14\" class=\"h-row-container gutters-row-lg-0 gutters-row-md-0 gutters-row-0 gutters-row-v-lg-0 gutters-row-v-md-0 gutters-row-v-0 style-487 style-local-225-c14 position-relative\">\n                            <!----><\/p>\n<div class=\"h-row justify-content-lg-center justify-content-md-center justify-content-center align-items-lg-stretch align-items-md-stretch align-items-stretch gutters-col-lg-0 gutters-col-md-0 gutters-col-0 gutters-col-v-lg-0 gutters-col-v-md-0 gutters-col-v-0\">\n                              <!----><\/p>\n<div class=\"h-column h-column-container d-flex h-col-lg h-col-md h-col-auto style-488-outer style-local-225-c15-outer\">\n<div data-colibri-id=\"225-c15\" class=\"d-flex h-flex-basis h-column__inner h-px-lg-2 h-px-md-2 h-px-2 v-inner-lg-2 v-inner-md-2 v-inner-2 style-488 style-local-225-c15 position-relative\">\n                                  <!----><br \/>\n                                  <!----><\/p>\n<div class=\"w-100 h-y-container h-column__content h-column__v-align flex-basis-100 align-self-lg-start align-self-md-start align-self-start\">\n                                    <!----><\/p>\n<div data-colibri-id=\"225-c16\" class=\"d-flex align-items-center text-lg-center text-md-center text-center justify-content-lg-center justify-content-md-center justify-content-center style-489 style-local-225-c16 position-relative h-element\">\n                                      <!----><br \/>\n                                      <a rel=\"home\" href=\"https:\/\/www.saaecandidomota.com.br\/\" h-use-smooth-scroll=\"true\" class=\"d-flex align-items-center\"><br \/>\n                                        <img decoding=\"async\" src=\"https:\/\/www.saaecandidomota.com.br\/wp-content\/uploads\/2023\/06\/Sem-titulo.jpg\" class=\"h-logo__image h-logo__image_h logo-image style-489-image style-local-225-c16-image\" alt=\"\" \/><br \/>\n                                        <img decoding=\"async\" src=\"https:\/\/www.saaecandidomota.com.br\/wp-content\/uploads\/2023\/06\/Sem-titulo.jpg\" class=\"h-logo__alt-image h-logo__alt-image_h logo-alt-image style-489-image style-local-225-c16-image\"><br \/>\n                                      <\/a>\n                                    <\/div>\n<\/p>\n<\/div>\n<\/div>\n<\/div>\n<\/div>\n<\/div>\n<\/div>\n<div class=\"offscreen-content\">\n                          <!----><\/p>\n<div data-colibri-component=\"accordion-menu\" role=\"navigation\" h-use-smooth-scroll-all=\"true\" data-colibri-id=\"225-c13\" class=\"h-menu h-global-transition-all h-ignore-global-body-typography h-mobile-menu h-menu-accordion style-486 style-local-225-c13 position-relative h-element\">\n                            <!----><\/p>\n<div class=\"h-global-transition-all h-mobile-menu\"><div class=\"colibri-menu-container\"><ul id=\"menu-menu-rodape-1\" class=\"colibri-menu none \"><li class=\"menu-item menu-item-type-post_type menu-item-object-page menu-item-379\"><a href=\"https:\/\/www.saaecandidomota.com.br\/?page_id=374\">Taxas de consumo<\/a><\/li>\n<li class=\"menu-item menu-item-type-post_type menu-item-object-page menu-item-380\"><a href=\"https:\/\/www.saaecandidomota.com.br\/?page_id=372\">Servi\u00e7os Oferecidos<\/a><\/li>\n<li class=\"menu-item menu-item-type-post_type menu-item-object-page menu-item-378\"><a href=\"https:\/\/www.saaecandidomota.com.br\/?page_id=376\">Dicas de economia<\/a><\/li>\n<li class=\"menu-item menu-item-type-post_type menu-item-object-page menu-item-371\"><a href=\"https:\/\/www.saaecandidomota.com.br\/?page_id=369\">Not\u00edcias<\/a><\/li>\n<li class=\"menu-item menu-item-type-post_type menu-item-object-page menu-item-686\"><a href=\"https:\/\/www.saaecandidomota.com.br\/?page_id=646\">Pol\u00edtica de Privacidade<\/a><\/li>\n<li class=\"menu-item menu-item-type-post_type menu-item-object-page menu-item-1465\"><a href=\"https:\/\/www.saaecandidomota.com.br\/?page_id=1458\">Ouvidoria<\/a><\/li>\n<\/ul><\/div><\/div>\n<\/p>\n<\/div>\n<\/div>\n<div class=\"offscreen-footer h-ui-empty-state-container\">\n<div data-colibri-id=\"225-c17\" class=\"h-row-container gutters-row-lg-0 gutters-row-md-0 gutters-row-0 gutters-row-v-lg-0 gutters-row-v-md-0 gutters-row-v-0 style-490 style-local-225-c17 position-relative\">\n                            <!----><\/p>\n<div class=\"h-row justify-content-lg-center justify-content-md-center justify-content-center align-items-lg-stretch align-items-md-stretch align-items-stretch gutters-col-lg-0 gutters-col-md-0 gutters-col-0 gutters-col-v-lg-0 gutters-col-v-md-0 gutters-col-v-0\">\n                              <!----><\/p>\n<div class=\"h-column h-column-container d-flex h-col-lg h-col-md h-col-auto style-491-outer style-local-225-c18-outer\">\n<div data-colibri-id=\"225-c18\" class=\"d-flex h-flex-basis h-column__inner h-px-lg-2 h-px-md-2 h-px-2 v-inner-lg-2 v-inner-md-2 v-inner-2 style-491 style-local-225-c18 position-relative\">\n                                  <!----><br \/>\n                                  <!----><\/p>\n<div class=\"w-100 h-y-container h-column__content h-column__v-align flex-basis-100 align-self-lg-start align-self-md-start align-self-start\">\n                                    <!----><\/p>\n<div data-colibri-id=\"225-c19\" class=\"h-text h-text-component style-492 style-local-225-c19 position-relative h-element\">\n                                      <!----><br \/>\n                                      <!----><\/p>\n<div class=\"\">\n<p>\u00a9 2023<\/p>\n<\/p>\n<\/div>\n<\/div>\n<\/div>\n<\/div>\n<\/div>\n<\/div>\n<\/div>\n<\/div>\n<\/div>\n<\/div>\n<div id=\"offcanvas-overlay-225-c11\" class=\"offscreen-overlay style-484-offscreenOverlay style-local-225-c11-offscreenOverlay\"><\/div>\n<\/p>\n<\/div>\n<\/div>\n<\/div>\n<\/div>\n<\/div>\n<div class=\"h-column h-column-container d-flex h-col-lg-auto h-col-md-auto h-col-auto style-481-outer style-local-225-c9-outer\">\n<div data-colibri-id=\"225-c9\" class=\"d-flex h-flex-basis h-column__inner h-px-lg-2 h-px-md-2 h-px-2 v-inner-lg-2 v-inner-md-2 v-inner-2 style-481 style-local-225-c9 position-relative\">\n              <!----><br \/>\n              <!----><\/p>\n<div class=\"w-100 h-y-container h-column__content h-column__v-align flex-basis-100 align-self-lg-start align-self-md-start align-self-start\">\n                <!----><\/p>\n<div light-box=\"hideLightBox\" data-style-class=\"style-494\" data-colibri-component=\"search\" data-colibri-id=\"225-c20\" class=\"colibri_search_container style-494 style-local-225-c20 position-relative h-element\">\n                  <!----><\/p>\n<div class=\"h-global-transition-all\"><form role=\"search\"  method=\"get\" class=\"search-form colibri_search_form\" action=\"https:\/\/www.saaecandidomota.com.br\/\"><\/p>\n<div class=\"d-flex\">\n                      <input class=\"colibri_search_input search-field\" placeholder=\"Pesquisar...\" name=\"s\"><br \/>\n                      <button type=\"submit\" class=\"colibri_search_button search-submit\"><br \/>\n                        <svg version=\"1.1\" xmlns=\"http:\/\/www.w3.org\/2000\/svg\" xmlns:xlink=\"http:\/\/www.w3.org\/1999\/xlink\" id=\"search\" viewBox=\"0 0 1672.2646 1896.0833\">\n                          <path d=\"M1152 832q0-185-131.5-316.5T704 384 387.5 515.5 256 832t131.5 316.5T704 1280t316.5-131.5T1152 832zm512 832q0 52-38 90t-90 38q-54 0-90-38l-343-342q-179 124-399 124-143 0-273.5-55.5t-225-150-150-225T0 832t55.5-273.5 150-225 225-150T704 128t273.5 55.5 225 150 150 225T1408 832q0 220-124 399l343 343q37 37 37 90z\"><\/path>\n                        <\/svg><br \/>\n                      <\/button>\n                    <\/div>\n<p><\/form><\/p>\n<\/div>\n<\/div>\n<\/div>\n<\/div>\n<\/div>\n<\/div>\n<\/div>\n<\/div>\n<\/div>\n<\/div>","protected":false},"excerpt":{"rendered":"<p>Este espa\u00e7o representa mais uma a\u00e7\u00e3o de promo\u00e7\u00e3o da transpar\u00eancia p\u00fablica que tem o objetivo de facilitar o acesso do cidad\u00e3o, em um \u00fanico local, as informa\u00e7\u00f5es a respeito de projetos e a\u00e7\u00f5es no \u00e2mbito do SAAE \u2013 Servi\u00e7o Aut\u00f4nomo de \u00c1gua e Esgoto de C\u00e2ndido Mota. Ao acessar o link abaixo, o cidad\u00e3o pode [&hellip;]<\/p>\n","protected":false},"author":1,"featured_media":0,"parent":0,"menu_order":0,"comment_status":"closed","ping_status":"closed","template":"page-templates\/full-width-page.php","meta":{"footnotes":""},"class_list":["post-225","page","type-page","status-publish","hentry"],"aioseo_notices":[],"_links":{"self":[{"href":"https:\/\/www.saaecandidomota.com.br\/index.php?rest_route=\/wp\/v2\/pages\/225","targetHints":{"allow":["GET"]}}],"collection":[{"href":"https:\/\/www.saaecandidomota.com.br\/index.php?rest_route=\/wp\/v2\/pages"}],"about":[{"href":"https:\/\/www.saaecandidomota.com.br\/index.php?rest_route=\/wp\/v2\/types\/page"}],"author":[{"embeddable":true,"href":"https:\/\/www.saaecandidomota.com.br\/index.php?rest_route=\/wp\/v2\/users\/1"}],"replies":[{"embeddable":true,"href":"https:\/\/www.saaecandidomota.com.br\/index.php?rest_route=%2Fwp%2Fv2%2Fcomments&post=225"}],"version-history":[{"count":5,"href":"https:\/\/www.saaecandidomota.com.br\/index.php?rest_route=\/wp\/v2\/pages\/225\/revisions"}],"predecessor-version":[{"id":1467,"href":"https:\/\/www.saaecandidomota.com.br\/index.php?rest_route=\/wp\/v2\/pages\/225\/revisions\/1467"}],"wp:attachment":[{"href":"https:\/\/www.saaecandidomota.com.br\/index.php?rest_route=%2Fwp%2Fv2%2Fmedia&parent=225"}],"curies":[{"name":"wp","href":"https:\/\/api.w.org\/{rel}","templated":true}]}}