{"id":2410,"date":"2025-04-04T15:21:30","date_gmt":"2025-04-04T18:21:30","guid":{"rendered":"http:\/\/www.saaecandidomota.com.br\/?page_id=2410"},"modified":"2026-01-02T10:12:27","modified_gmt":"2026-01-02T13:12:27","slug":"plano-de-contratacao-anual","status":"publish","type":"page","link":"https:\/\/www.saaecandidomota.com.br\/?page_id=2410","title":{"rendered":"Plano de Contrata\u00e7\u00e3o Anual"},"content":{"rendered":"\n<p>O Plano de Contrata\u00e7\u00f5es Anual \u2013 PCA \u00e9 uma inova\u00e7\u00e3o trazida pela Lei Federal n\u00ba 14.133 de 01 de abril de 2021, a Nova Lei de Licita\u00e7\u00f5es e Contratos Administrativos (NLLC), que consolida todas as compras e contrata\u00e7\u00f5es que o \u00f3rg\u00e3o ou entidade pretende realizar ou prorrogar no ano seguinte, contemplando bens, servi\u00e7os, obras e solu\u00e7\u00f5es de tecnologia da informa\u00e7\u00e3o.<\/p>\n\n\n\n<p>\u00c9 um instrumento de promo\u00e7\u00e3o de transpar\u00eancia e de aprimoramento da governan\u00e7a p\u00fablica, que deve ser elaborado pelos \u00f3rg\u00e3os respons\u00e1veis pelo planejamento de cada ente federativo, divulgado e mantido \u00e0 disposi\u00e7\u00e3o do p\u00fablico em s\u00edtio eletr\u00f4nico oficial e observado na realiza\u00e7\u00e3o de licita\u00e7\u00f5es e na execu\u00e7\u00e3o dos contratos.<\/p>\n\n\n\n<p><\/p>\n\n\n\n<p class=\"has-text-align-center\"><strong>2026<\/strong><\/p>\n\n\n\n<p><a href=\"https:\/\/www.saaecandidomota.com.br\/wp-content\/uploads\/2026\/01\/Publicacao-Plano-de-Contratacao-Anual-SAAE-2026-Candido-Mota.pdf\" target=\"_blank\" rel=\"noopener\" title=\"\">Plano de Contrata\u00e7\u00e3o Anual &#8211; 2026<\/a><\/p>\n\n\n\n<p><\/p>\n\n\n\n<p class=\"has-text-align-center\"><strong>2025<\/strong><\/p>\n\n\n\n<p><a href=\"https:\/\/www.saaecandidomota.com.br\/wp-content\/uploads\/2024\/12\/Plano-de-Contratacao-Anual-SAAE-Candido-Mota-2025.pdf\" target=\"_blank\" rel=\"noopener\" title=\"\">Plano de Contrata\u00e7\u00e3o Anual &#8211; 2025<\/a><\/p>\n\n\n\n<p><a href=\"https:\/\/www.saaecandidomota.com.br\/wp-content\/uploads\/2025\/04\/Plano-de-Contratacao-Anual-SAAE-Candido-Mota-Retificado-Publicado.pdf\" target=\"_blank\" rel=\"noopener\" title=\"\">Plano de Contrata\u00e7\u00e3o Anual 2025 &#8211; Primeira Retifica\u00e7\u00e3o<\/a><\/p>\n\n\n\n<p><a href=\"https:\/\/www.saaecandidomota.com.br\/wp-content\/uploads\/2025\/07\/Publicacao-Plano-de-Contratacao-Anual-SAAE-Candido-Mota-Segunda-Retificacao.pdf\" target=\"_blank\" rel=\"noopener\" title=\"\">Plano de Contrata\u00e7\u00e3o Anual 2025 &#8211; Segunda Retifica\u00e7\u00e3o<\/a><\/p>\n\n\n\n<p><a href=\"https:\/\/www.saaecandidomota.com.br\/wp-content\/uploads\/2025\/10\/Publicacao-Plano-de-Contratacao-Anual-SAAE-Candido-Mota-Terceira-Retificacao.pdf\" target=\"_blank\" rel=\"noopener\" title=\"\">Plano de Contrata\u00e7\u00e3o Anual 2025 &#8211; Terceira Retifica\u00e7\u00e3o<\/a><\/p>\n\n\n\n<p><\/p>\n","protected":false},"excerpt":{"rendered":"<p>O Plano de Contrata\u00e7\u00f5es Anual \u2013 PCA \u00e9 uma inova\u00e7\u00e3o trazida pela Lei Federal n\u00ba 14.133 de 01 de abril de 2021, a Nova Lei de Licita\u00e7\u00f5es e Contratos Administrativos (NLLC), que consolida todas as compras e contrata\u00e7\u00f5es que o \u00f3rg\u00e3o ou entidade pretende realizar ou prorrogar no ano seguinte, contemplando bens, servi\u00e7os, obras e [&hellip;]<\/p>\n","protected":false},"author":1,"featured_media":0,"parent":0,"menu_order":0,"comment_status":"closed","ping_status":"closed","template":"","meta":{"footnotes":""},"class_list":["post-2410","page","type-page","status-publish","hentry"],"aioseo_notices":[],"_links":{"self":[{"href":"https:\/\/www.saaecandidomota.com.br\/index.php?rest_route=\/wp\/v2\/pages\/2410","targetHints":{"allow":["GET"]}}],"collection":[{"href":"https:\/\/www.saaecandidomota.com.br\/index.php?rest_route=\/wp\/v2\/pages"}],"about":[{"href":"https:\/\/www.saaecandidomota.com.br\/index.php?rest_route=\/wp\/v2\/types\/page"}],"author":[{"embeddable":true,"href":"https:\/\/www.saaecandidomota.com.br\/index.php?rest_route=\/wp\/v2\/users\/1"}],"replies":[{"embeddable":true,"href":"https:\/\/www.saaecandidomota.com.br\/index.php?rest_route=%2Fwp%2Fv2%2Fcomments&post=2410"}],"version-history":[{"count":6,"href":"https:\/\/www.saaecandidomota.com.br\/index.php?rest_route=\/wp\/v2\/pages\/2410\/revisions"}],"predecessor-version":[{"id":2868,"href":"https:\/\/www.saaecandidomota.com.br\/index.php?rest_route=\/wp\/v2\/pages\/2410\/revisions\/2868"}],"wp:attachment":[{"href":"https:\/\/www.saaecandidomota.com.br\/index.php?rest_route=%2Fwp%2Fv2%2Fmedia&parent=2410"}],"curies":[{"name":"wp","href":"https:\/\/api.w.org\/{rel}","templated":true}]}}